{"id":22003,"date":"2022-02-03T10:36:39","date_gmt":"2022-02-03T09:36:39","guid":{"rendered":"https:\/\/nkolimpija.innnet.de\/dragons\/u14\/"},"modified":"2023-10-30T15:03:18","modified_gmt":"2023-10-30T14:03:18","slug":"u14","status":"publish","type":"page","link":"https:\/\/nkolimpija24.innnet.de\/en\/dragons\/u14\/","title":{"rendered":"U14"},"content":{"rendered":"\t<section class=\"section splosno-section\" id=\"section_1522789995\">\n\t\t<div class=\"bg section-bg fill bg-fill  \" >\n\n\t\t\t\n\t\t\t<div class=\"section-bg-overlay absolute fill\"><\/div>\n\t\t\t\n\n\t\t<\/div>\n\n\t\t\n\n\t\t<div class=\"section-content relative\">\n\t\t\t\n<div class=\"row row-collapse row-full-width\"  id=\"row-895750748\">\n\n\t<div id=\"col-406979785\" class=\"col naslov-col small-12 large-12\"  >\n\t\t\t\t<div class=\"col-inner\"  >\n\t\t\t\n\t\t\t\n<h1>U14<\/h1>\n\t\t<\/div>\n\t\t\t\t\t<\/div>\n\n\t\n\n\t<div id=\"col-1448670760\" class=\"col meni-col small-12 large-12\"  >\n\t\t\t\t<div class=\"col-inner\"  >\n\t\t\t\n\t\t\t\n\t\t<\/div>\n\t\t\t\t\t<\/div>\n\n\t\n<\/div>\n\t\t<\/div>\n\n\t\t\n<style>\n#section_1522789995 {\n  padding-top: 0px;\n  padding-bottom: 0px;\n}\n#section_1522789995 .section-bg-overlay {\n  background-color: rgba(0,0,0,.5);\n}\n#section_1522789995 .section-bg.bg-loaded {\n  background-image: url(https:\/\/nkolimpija24.innnet.de\/wp-content\/uploads\/2021\/09\/logo_na_beli.png);\n}\n#section_1522789995 .section-bg {\n  background-position: 50% 100%;\n}\n<\/style>\n\t<\/section>\n\t\n\n<div class=\"row\"  id=\"row-572171015\">\n\n\t<div id=\"col-477953511\" class=\"col pm small-12 large-12\"  >\n\t\t\t\t<div class=\"col-inner\"  >\n\t\t\t\n\t\t\t\n\n\t\t<div class=\"tabbed-content olimpija-tab\">\n\t\t\t\n\t\t\t<ul class=\"nav nav-simple nav-uppercase nav-size-normal nav-left\" role=\"tablist\"><li id=\"tab-news\" class=\"tab active has-icon\" role=\"presentation\"><a href=\"#tab_news\" role=\"tab\" aria-selected=\"true\" aria-controls=\"tab_news\"><span>NEWS<\/span><\/a><\/li>\n<li id=\"tab-professional-staff\" class=\"tab has-icon\" role=\"presentation\"><a href=\"#tab_professional-staff\" tabindex=\"-1\" role=\"tab\" aria-selected=\"false\" aria-controls=\"tab_professional-staff\"><span>PROFESSIONAL STAFF<\/span><\/a><\/li>\n<li id=\"tab-players\" class=\"tab has-icon\" role=\"presentation\"><a href=\"#tab_players\" tabindex=\"-1\" role=\"tab\" aria-selected=\"false\" aria-controls=\"tab_players\"><span>PLAYERS<\/span><\/a><\/li><\/ul><div class=\"tab-panels\"><div id=\"tab_news\" class=\"panel active entry-content\" role=\"tabpanel\" aria-labelledby=\"tab-news\">\n\t<div id=\"gap-2072774310\" class=\"gap-element clearfix\" style=\"display:block; height:auto;\">\n\t\t\n<style>\n#gap-2072774310 {\n  padding-top: 60px;\n}\n<\/style>\n\t<\/div>\n\t\n\n<div class=\"row\"  id=\"row-2039502346\">\n\n\t<div id=\"col-1008338479\" class=\"col small-12 large-12\"  >\n\t\t\t\t<div class=\"col-inner text-center\"  >\n\t\t\t\n\t\t\t\n<a href=\"http:\/\/www.nkolimpija.si\/oznaka\/u14\/\" class=\"button primary gumb-novice\"  >\n    <span>SEE MORE NEWS<\/span>\n  <\/a>\n\n\t\t<\/div>\n\t\t\t\t\t<\/div>\n\n\t\n<\/div>\n<\/div>\n<div id=\"tab_professional-staff\" class=\"panel entry-content\" role=\"tabpanel\" aria-labelledby=\"tab-professional-staff\">\n<div class=\"row align-equal\"  id=\"row-953047966\">\n\n\t<div id=\"col-1413156602\" class=\"col small-12 large-12\"  >\n\t\t\t\t<div class=\"col-inner\"  >\n\t\t\t\n\t\t\t\n\t<div id=\"gap-2131682720\" class=\"gap-element clearfix\" style=\"display:block; height:auto;\">\n\t\t\n<style>\n#gap-2131682720 {\n  padding-top: 30px;\n}\n<\/style>\n\t<\/div>\n\t\n<div class=\"row row-collapse align-equal\"  id=\"row-1370731964\">\n\n\t<div id=\"col-967166570\" class=\"col small-12 large-12\"  >\n\t\t\t\t<div class=\"col-inner box-shadow-2\"  >\n\t\t\t\n\t\t\t\n<div class=\"row align-middle\"  id=\"row-276080728\">\n\n\t<div id=\"col-718118650\" class=\"col p-0 medium-12 small-12 large-6\"  >\n\t\t\t\t<div class=\"col-inner\"  >\n\t\t\t\n\t\t\t\n\t<div class=\"img has-hover x md-x lg-x y md-y lg-y\" id=\"image_1607810425\">\n\t\t\t\t\t\t\t\t<div class=\"img-inner dark\" >\n\t\t\t<img loading=\"lazy\" decoding=\"async\" width=\"1020\" height=\"361\" src=\"https:\/\/nkolimpija24.innnet.de\/wp-content\/uploads\/2021\/12\/zakljucek_prvega_dela_sezone.png\" class=\"attachment-large size-large\" alt=\"\" srcset=\"https:\/\/nkolimpija24.innnet.de\/wp-content\/uploads\/2021\/12\/zakljucek_prvega_dela_sezone.png 1920w, https:\/\/nkolimpija24.innnet.de\/wp-content\/uploads\/2021\/12\/zakljucek_prvega_dela_sezone-800x283.png 800w, https:\/\/nkolimpija24.innnet.de\/wp-content\/uploads\/2021\/12\/zakljucek_prvega_dela_sezone-768x272.png 768w, https:\/\/nkolimpija24.innnet.de\/wp-content\/uploads\/2021\/12\/zakljucek_prvega_dela_sezone-1536x544.png 1536w\" sizes=\"(max-width: 1020px) 100vw, 1020px\" \/>\t\t\t\t\t\t\n\t\t\t\t\t<\/div>\n\t\t\t\t\t\t\t\t\n<style>\n#image_1607810425 {\n  width: 100%;\n}\n<\/style>\n\t<\/div>\n\t\n\t\t<\/div>\n\t\t\t\t\n<style>\n#col-718118650 > .col-inner {\n  padding: 0px 0px 0px 0px;\n}\n<\/style>\n\t<\/div>\n\n\t\n\n\t<div id=\"col-146739616\" class=\"col medium-12 small-12 large-6\"  >\n\t\t\t\t<div class=\"col-inner\"  >\n\t\t\t\n\t\t\t\n<h3 class=\"mb-0 strokovni-stab\">KLEMEN AVBELJ<\/h3>\n<h4 class=\"strokovni-stab\">HEAD COACH<\/h4>\n\t\t<\/div>\n\t\t\t\t\n<style>\n#col-146739616 > .col-inner {\n  padding: 30px 20px 0px 20px;\n}\n@media (min-width:550px) {\n  #col-146739616 > .col-inner {\n    padding: 40px 40px 0px 40px;\n  }\n}\n@media (min-width:850px) {\n  #col-146739616 > .col-inner {\n    padding: 0px 19px 0px 60px;\n  }\n}\n<\/style>\n\t<\/div>\n\n\t\n<\/div>\n\t\t<\/div>\n\t\t\t\t\n<style>\n#col-967166570 > .col-inner {\n  padding: 0px 0px 0px 0px;\n}\n<\/style>\n\t<\/div>\n\n\t\n\n<style>\n#row-1370731964 > .col > .col-inner {\n  padding: 0px 0px 0px 0px;\n  background-color: rgb(255, 255, 255);\n}\n<\/style>\n<\/div>\n\t\t<\/div>\n\t\t\t\t\n<style>\n#col-1413156602 > .col-inner {\n  padding: 0 40px 0px 40px;\n}\n@media (min-width:850px) {\n  #col-1413156602 > .col-inner {\n    padding: px 0px 0px 0px;\n  }\n}\n<\/style>\n\t<\/div>\n\n\t\n\n<style>\n#row-953047966 > .col > .col-inner {\n  padding: 0px 0px 0px 0px;\n}\n<\/style>\n<\/div>\n<div class=\"row align-equal\"  id=\"row-1690614757\">\n\n\t<div id=\"col-785420413\" class=\"col small-12 large-12\"  >\n\t\t\t\t<div class=\"col-inner\"  >\n\t\t\t\n\t\t\t\n<div class=\"row row-box-shadow-2\"  id=\"row-901030436\">\n\n\t<div id=\"col-1305284222\" class=\"col medium-6 small-12 large-4\"  >\n\t\t\t\t<div class=\"col-inner box-shadow-2\"  >\n\t\t\t\n\t\t\t\n\t<div id=\"gap-2078320234\" class=\"gap-element clearfix\" style=\"display:block; height:auto;\">\n\t\t\n<style>\n#gap-2078320234 {\n  padding-top: 30px;\n}\n<\/style>\n\t<\/div>\n\t\n\t<div id=\"text-2310373307\" class=\"text\">\n\t\t\n<h3 class=\"mb-0 strokovni-stab\">Mladen STEFANOSKI <\/h3>\n<h4 class=\"strokovni-stab\">U14 ASSISTANT COACH<\/h4>\n\t\t\n<style>\n#text-2310373307 {\n  font-size: 0.75rem;\n}\n@media (min-width:550px) {\n  #text-2310373307 {\n    font-size: 0.8rem;\n  }\n}\n<\/style>\n\t<\/div>\n\t\n\t<div class=\"img has-hover x md-x lg-x y md-y lg-y\" id=\"image_1180274610\">\n\t\t\t\t\t\t\t\t<div class=\"img-inner dark\" >\n\t\t\t<img loading=\"lazy\" decoding=\"async\" width=\"872\" height=\"1024\" src=\"https:\/\/nkolimpija24.innnet.de\/wp-content\/uploads\/2022\/02\/silhouette-01.png\" class=\"attachment-large size-large\" alt=\"\" srcset=\"https:\/\/nkolimpija24.innnet.de\/wp-content\/uploads\/2022\/02\/silhouette-01.png 872w, https:\/\/nkolimpija24.innnet.de\/wp-content\/uploads\/2022\/02\/silhouette-01-341x400.png 341w, https:\/\/nkolimpija24.innnet.de\/wp-content\/uploads\/2022\/02\/silhouette-01-768x902.png 768w\" sizes=\"(max-width: 872px) 100vw, 872px\" \/>\t\t\t\t\t\t\n\t\t\t\t\t<\/div>\n\t\t\t\t\t\t\t\t\n<style>\n#image_1180274610 {\n  width: 100%;\n}\n<\/style>\n\t<\/div>\n\t\n\t\t<\/div>\n\t\t\t\t\n<style>\n#col-1305284222 > .col-inner {\n  padding: 0px 20px 0px 20px;\n}\n@media (min-width:550px) {\n  #col-1305284222 > .col-inner {\n    padding: 0px 30px 0px 30px;\n  }\n}\n<\/style>\n\t<\/div>\n\n\t\n\n\t<div id=\"col-2082112782\" class=\"col medium-6 small-12 large-4\"  >\n\t\t\t\t<div class=\"col-inner box-shadow-2\"  >\n\t\t\t\n\t\t\t\n\t<div id=\"gap-620912143\" class=\"gap-element clearfix\" style=\"display:block; height:auto;\">\n\t\t\n<style>\n#gap-620912143 {\n  padding-top: 30px;\n}\n<\/style>\n\t<\/div>\n\t\n\t<div id=\"text-2371078319\" class=\"text\">\n\t\t\n<h3 class=\"mb-0 strokovni-stab\">\u017dane BORTEK <\/h3>\n<h4 class=\"strokovni-stab\">PHYSICAL THERAPIST<\/h4>\n\t\t\n<style>\n#text-2371078319 {\n  font-size: 0.75rem;\n}\n@media (min-width:550px) {\n  #text-2371078319 {\n    font-size: 0.8rem;\n  }\n}\n<\/style>\n\t<\/div>\n\t\n\t<div class=\"img has-hover x md-x lg-x y md-y lg-y\" id=\"image_1389254611\">\n\t\t\t\t\t\t\t\t<div class=\"img-inner dark\" >\n\t\t\t<img loading=\"lazy\" decoding=\"async\" width=\"872\" height=\"1024\" src=\"https:\/\/nkolimpija24.innnet.de\/wp-content\/uploads\/2022\/02\/silhouette-01.png\" class=\"attachment-large size-large\" alt=\"\" srcset=\"https:\/\/nkolimpija24.innnet.de\/wp-content\/uploads\/2022\/02\/silhouette-01.png 872w, https:\/\/nkolimpija24.innnet.de\/wp-content\/uploads\/2022\/02\/silhouette-01-341x400.png 341w, https:\/\/nkolimpija24.innnet.de\/wp-content\/uploads\/2022\/02\/silhouette-01-768x902.png 768w\" sizes=\"(max-width: 872px) 100vw, 872px\" \/>\t\t\t\t\t\t\n\t\t\t\t\t<\/div>\n\t\t\t\t\t\t\t\t\n<style>\n#image_1389254611 {\n  width: 100%;\n}\n<\/style>\n\t<\/div>\n\t\n\t\t<\/div>\n\t\t\t\t\n<style>\n#col-2082112782 > .col-inner {\n  padding: 0px 20px 0px 20px;\n}\n@media (min-width:550px) {\n  #col-2082112782 > .col-inner {\n    padding: 0px 30px 0px 30px;\n  }\n}\n<\/style>\n\t<\/div>\n\n\t\n\n\t<div id=\"col-1695777926\" class=\"col medium-6 small-12 large-4\"  >\n\t\t\t\t<div class=\"col-inner box-shadow-2\"  >\n\t\t\t\n\t\t\t\n\t<div id=\"gap-468714864\" class=\"gap-element clearfix\" style=\"display:block; height:auto;\">\n\t\t\n<style>\n#gap-468714864 {\n  padding-top: 30px;\n}\n<\/style>\n\t<\/div>\n\t\n\t<div id=\"text-1059626033\" class=\"text\">\n\t\t\n<h3 class=\"mb-0 strokovni-stab\">Sara LOVREN\u010cI\u010c<\/h3>\n<h4 class=\"strokovni-stab\">PHYSICAL THERAPIST<\/h4>\n\t\t\n<style>\n#text-1059626033 {\n  font-size: 0.75rem;\n}\n@media (min-width:550px) {\n  #text-1059626033 {\n    font-size: 0.8rem;\n  }\n}\n<\/style>\n\t<\/div>\n\t\n\t<div class=\"img has-hover x md-x lg-x y md-y lg-y\" id=\"image_782384885\">\n\t\t\t\t\t\t\t\t<div class=\"img-inner dark\" >\n\t\t\t<img loading=\"lazy\" decoding=\"async\" width=\"872\" height=\"1024\" src=\"https:\/\/nkolimpija24.innnet.de\/wp-content\/uploads\/2022\/02\/silhouette-01.png\" class=\"attachment-large size-large\" alt=\"\" srcset=\"https:\/\/nkolimpija24.innnet.de\/wp-content\/uploads\/2022\/02\/silhouette-01.png 872w, https:\/\/nkolimpija24.innnet.de\/wp-content\/uploads\/2022\/02\/silhouette-01-341x400.png 341w, https:\/\/nkolimpija24.innnet.de\/wp-content\/uploads\/2022\/02\/silhouette-01-768x902.png 768w\" sizes=\"(max-width: 872px) 100vw, 872px\" \/>\t\t\t\t\t\t\n\t\t\t\t\t<\/div>\n\t\t\t\t\t\t\t\t\n<style>\n#image_782384885 {\n  width: 100%;\n}\n<\/style>\n\t<\/div>\n\t\n\t\t<\/div>\n\t\t\t\t\n<style>\n#col-1695777926 > .col-inner {\n  padding: 0px 20px 0px 20px;\n}\n@media (min-width:550px) {\n  #col-1695777926 > .col-inner {\n    padding: 0px 30px 0px 30px;\n  }\n}\n<\/style>\n\t<\/div>\n\n\t\n\n\n\n<\/div>\n\t\t<\/div>\n\t\t\t\t\n<style>\n#col-785420413 > .col-inner {\n  padding: 0px 20px 0px 0px;\n  margin: 0px px 0px 0px;\n}\n<\/style>\n\t<\/div>\n\n\t\n\n<style>\n#row-1690614757 > .col > .col-inner {\n  padding: 0px 0px 0px 0px;\n}\n<\/style>\n<\/div>\n\t<div id=\"gap-2014101150\" class=\"gap-element clearfix\" style=\"display:block; height:auto;\">\n\t\t\n<style>\n#gap-2014101150 {\n  padding-top: 30px;\n}\n<\/style>\n\t<\/div>\n\t\n<\/div>\n<div id=\"tab_players\" class=\"panel entry-content\" role=\"tabpanel\" aria-labelledby=\"tab-players\">\n<div class=\"row row-collapse\"  id=\"row-1842568170\">\n\n\t<div id=\"col-1000389173\" class=\"col small-12 large-12\"  >\n\t\t\t\t<div class=\"col-inner\"  >\n\t\t\t\n\t\t\t\n\t<div id=\"text-1726934070\" class=\"text\">\n\t\t\n<table class=\"tabela-nastopi3c\">\n<thead>\n<tr>\n<th>PLAYER<\/th>\n<th>BIRTH DATE<\/th>\n<th><\/th>\n<\/tr>\n<\/thead>\n<tbody>\n<tr>\n<td>Nejc Petek<\/td>\n<td>2008<\/td>\n<td><\/td>\n<\/tr>\n<tr>\n<td>An\u017ee \u0160olar<\/td>\n<td>2008<\/td>\n<td><\/td>\n<\/tr>\n<tr>\n<td>Taj Kranjec<\/td>\n<td>2008<\/td>\n<td><\/td>\n<\/tr>\n<tr>\n<td>Aleksej Mikuli\u010d<\/td>\n<td>2008<\/td>\n<td><\/td>\n<\/tr>\n<tr>\n<td><span data-sheets-value=\"{\"1\":2,\"2\":\"Danill\"}\" data-sheets-userformat=\"{\"2\":14353,\"3\":{\"1\":0,\"3\":1},\"7\":{\"1\":&#091;{\"1\":2,\"2\":0,\"5\":{\"1\":2,\"2\":0}},{\"1\":0,\"2\":0,\"3\":3},{\"1\":1,\"2\":0,\"4\":2}&#093;},\"14\":{\"1\":2,\"2\":0},\"15\":\"Calibri\",\"16\":11}\">Danill Churakov<\/span><\/td>\n<td>2008<\/td>\n<td><\/td>\n<\/tr>\n<tr>\n<td>Tit Kosti\u0107<\/td>\n<td>2008<\/td>\n<td><\/td>\n<\/tr>\n<tr>\n<td>Aleksander Juvan<\/td>\n<td>2008<\/td>\n<td><\/td>\n<\/tr>\n<tr>\n<td>An\u017ee Miklav\u010di\u010d<\/td>\n<td>2008<\/td>\n<td><\/td>\n<\/tr>\n<tr>\n<td>Pascal Kogov\u0161ek<\/td>\n<td>2008<\/td>\n<td><\/td>\n<\/tr>\n<tr>\n<td>Benjamin Bjelki\u0107<\/td>\n<td>2008<\/td>\n<td><\/td>\n<\/tr>\n<tr>\n<td>Ajdin Sadikovi\u0107<\/td>\n<td>2008<\/td>\n<td><\/td>\n<\/tr>\n<tr>\n<td>An Arko<\/td>\n<td>2008<\/td>\n<td><\/td>\n<\/tr>\n<tr>\n<td>Martin Talevski<\/td>\n<td>2008<\/td>\n<td><\/td>\n<\/tr>\n<tr>\n<td>Edis Dobrnji\u010d<\/td>\n<td>2008<\/td>\n<td><\/td>\n<\/tr>\n<tr>\n<td>Maks Hojs<\/td>\n<td>2008<\/td>\n<td><\/td>\n<\/tr>\n<tr>\n<td>Tim Pavli\u010d<\/td>\n<td>2008<\/td>\n<td><\/td>\n<\/tr>\n<\/tbody>\n<\/table>\n\t\t\n<style>\n#text-1726934070 {\n  text-align: center;\n}\n<\/style>\n\t<\/div>\n\t\n\t\t<\/div>\n\t\t\t\t\n<style>\n#col-1000389173 > .col-inner {\n  padding: 0px 10px 0px 10px;\n}\n<\/style>\n\t<\/div>\n\n\t\n<\/div>\n<\/div><\/div><\/div>\n\t\t<\/div>\n\t\t\t\t\t<\/div>\n\n\t\n<\/div>\n","protected":false},"excerpt":{"rendered":"","protected":false},"author":63,"featured_media":0,"parent":21917,"menu_order":0,"comment_status":"closed","ping_status":"closed","template":"page-blank.php","meta":{"_acf_changed":false,"footnotes":""},"acf":[],"yoast_head":"<!-- This site is optimized with the Yoast SEO plugin v22.3 - https:\/\/yoast.com\/wordpress\/plugins\/seo\/ -->\n<title>U14 - NK Olimpija Ljubljana<\/title>\n<meta name=\"description\" content=\"The U14 FC Olimpija Ljubljana team participates in the highest level of competition for their age group under the leadership of their coach Selvad Kujovi\u0107.\" \/>\n<meta name=\"robots\" content=\"index, follow, max-snippet:-1, max-image-preview:large, max-video-preview:-1\" \/>\n<link rel=\"canonical\" href=\"https:\/\/nkolimpija24.innnet.de\/zmajcki\/u14\/\" \/>\n<script type=\"application\/ld+json\" class=\"yoast-schema-graph\">{\"@context\":\"https:\/\/schema.org\",\"@graph\":[{\"@type\":\"WebPage\",\"@id\":\"https:\/\/nkolimpija24.innnet.de\/zmajcki\/u14\/\",\"url\":\"https:\/\/nkolimpija24.innnet.de\/zmajcki\/u14\/\",\"name\":\"U14 - NK Olimpija Ljubljana\",\"isPartOf\":{\"@id\":\"https:\/\/nkolimpija24.innnet.de\/#website\"},\"datePublished\":\"2022-02-03T09:36:39+00:00\",\"dateModified\":\"2023-10-30T14:03:18+00:00\",\"description\":\"The U14 FC Olimpija Ljubljana team participates in the highest level of competition for their age group under the leadership of their coach Selvad Kujovi\u0107.\",\"breadcrumb\":{\"@id\":\"https:\/\/nkolimpija24.innnet.de\/zmajcki\/u14\/#breadcrumb\"},\"inLanguage\":\"en-US\",\"potentialAction\":[{\"@type\":\"ReadAction\",\"target\":[\"https:\/\/nkolimpija24.innnet.de\/zmajcki\/u14\/\"]}]},{\"@type\":\"BreadcrumbList\",\"@id\":\"https:\/\/nkolimpija24.innnet.de\/zmajcki\/u14\/#breadcrumb\",\"itemListElement\":[{\"@type\":\"ListItem\",\"position\":1,\"name\":\"Home\",\"item\":\"https:\/\/nkolimpija24.innnet.de\/en\/\"},{\"@type\":\"ListItem\",\"position\":2,\"name\":\"Dragons\",\"item\":\"https:\/\/nkolimpija24.innnet.de\/zmajcki\/\"},{\"@type\":\"ListItem\",\"position\":3,\"name\":\"U14\"}]},{\"@type\":\"WebSite\",\"@id\":\"https:\/\/nkolimpija24.innnet.de\/#website\",\"url\":\"https:\/\/nkolimpija24.innnet.de\/\",\"name\":\"NK Olimpija Ljubljana\",\"description\":\"Eno \u017eivljenje - ena ljubezen\",\"potentialAction\":[{\"@type\":\"SearchAction\",\"target\":{\"@type\":\"EntryPoint\",\"urlTemplate\":\"https:\/\/nkolimpija24.innnet.de\/?s={search_term_string}\"},\"query-input\":\"required name=search_term_string\"}],\"inLanguage\":\"en-US\"}]}<\/script>\n<!-- \/ Yoast SEO plugin. -->","yoast_head_json":{"title":"U14 - NK Olimpija Ljubljana","description":"The U14 FC Olimpija Ljubljana team participates in the highest level of competition for their age group under the leadership of their coach Selvad Kujovi\u0107.","robots":{"index":"index","follow":"follow","max-snippet":"max-snippet:-1","max-image-preview":"max-image-preview:large","max-video-preview":"max-video-preview:-1"},"canonical":"https:\/\/nkolimpija24.innnet.de\/zmajcki\/u14\/","schema":{"@context":"https:\/\/schema.org","@graph":[{"@type":"WebPage","@id":"https:\/\/nkolimpija24.innnet.de\/zmajcki\/u14\/","url":"https:\/\/nkolimpija24.innnet.de\/zmajcki\/u14\/","name":"U14 - NK Olimpija Ljubljana","isPartOf":{"@id":"https:\/\/nkolimpija24.innnet.de\/#website"},"datePublished":"2022-02-03T09:36:39+00:00","dateModified":"2023-10-30T14:03:18+00:00","description":"The U14 FC Olimpija Ljubljana team participates in the highest level of competition for their age group under the leadership of their coach Selvad Kujovi\u0107.","breadcrumb":{"@id":"https:\/\/nkolimpija24.innnet.de\/zmajcki\/u14\/#breadcrumb"},"inLanguage":"en-US","potentialAction":[{"@type":"ReadAction","target":["https:\/\/nkolimpija24.innnet.de\/zmajcki\/u14\/"]}]},{"@type":"BreadcrumbList","@id":"https:\/\/nkolimpija24.innnet.de\/zmajcki\/u14\/#breadcrumb","itemListElement":[{"@type":"ListItem","position":1,"name":"Home","item":"https:\/\/nkolimpija24.innnet.de\/en\/"},{"@type":"ListItem","position":2,"name":"Dragons","item":"https:\/\/nkolimpija24.innnet.de\/zmajcki\/"},{"@type":"ListItem","position":3,"name":"U14"}]},{"@type":"WebSite","@id":"https:\/\/nkolimpija24.innnet.de\/#website","url":"https:\/\/nkolimpija24.innnet.de\/","name":"NK Olimpija Ljubljana","description":"Eno \u017eivljenje - ena ljubezen","potentialAction":[{"@type":"SearchAction","target":{"@type":"EntryPoint","urlTemplate":"https:\/\/nkolimpija24.innnet.de\/?s={search_term_string}"},"query-input":"required name=search_term_string"}],"inLanguage":"en-US"}]}},"_links":{"self":[{"href":"https:\/\/nkolimpija24.innnet.de\/en\/wp-json\/wp\/v2\/pages\/22003"}],"collection":[{"href":"https:\/\/nkolimpija24.innnet.de\/en\/wp-json\/wp\/v2\/pages"}],"about":[{"href":"https:\/\/nkolimpija24.innnet.de\/en\/wp-json\/wp\/v2\/types\/page"}],"author":[{"embeddable":true,"href":"https:\/\/nkolimpija24.innnet.de\/en\/wp-json\/wp\/v2\/users\/63"}],"replies":[{"embeddable":true,"href":"https:\/\/nkolimpija24.innnet.de\/en\/wp-json\/wp\/v2\/comments?post=22003"}],"version-history":[{"count":6,"href":"https:\/\/nkolimpija24.innnet.de\/en\/wp-json\/wp\/v2\/pages\/22003\/revisions"}],"predecessor-version":[{"id":25446,"href":"https:\/\/nkolimpija24.innnet.de\/en\/wp-json\/wp\/v2\/pages\/22003\/revisions\/25446"}],"up":[{"embeddable":true,"href":"https:\/\/nkolimpija24.innnet.de\/en\/wp-json\/wp\/v2\/pages\/21917"}],"wp:attachment":[{"href":"https:\/\/nkolimpija24.innnet.de\/en\/wp-json\/wp\/v2\/media?parent=22003"}],"curies":[{"name":"wp","href":"https:\/\/api.w.org\/{rel}","templated":true}]}}