{"id":22006,"date":"2022-02-03T10:38:20","date_gmt":"2022-02-03T09:38:20","guid":{"rendered":"https:\/\/nkolimpija.innnet.de\/dragons\/u11\/"},"modified":"2023-10-30T15:05:16","modified_gmt":"2023-10-30T14:05:16","slug":"u11","status":"publish","type":"page","link":"https:\/\/nkolimpija24.innnet.de\/en\/dragons\/u11\/","title":{"rendered":"U11"},"content":{"rendered":"\t<section class=\"section splosno-section\" id=\"section_32688968\">\n\t\t<div class=\"bg section-bg fill bg-fill  \" >\n\n\t\t\t\n\t\t\t<div class=\"section-bg-overlay absolute fill\"><\/div>\n\t\t\t\n\n\t\t<\/div>\n\n\t\t\n\n\t\t<div class=\"section-content relative\">\n\t\t\t\n<div class=\"row row-collapse row-full-width\"  id=\"row-1748180960\">\n\n\t<div id=\"col-943260413\" class=\"col naslov-col small-12 large-12\"  >\n\t\t\t\t<div class=\"col-inner\"  >\n\t\t\t\n\t\t\t\n<h1>U11<\/h1>\n\t\t<\/div>\n\t\t\t\t\t<\/div>\n\n\t\n\n\t<div id=\"col-1628073799\" class=\"col meni-col small-12 large-12\"  >\n\t\t\t\t<div class=\"col-inner\"  >\n\t\t\t\n\t\t\t\n\t\t<\/div>\n\t\t\t\t\t<\/div>\n\n\t\n<\/div>\n\t\t<\/div>\n\n\t\t\n<style>\n#section_32688968 {\n  padding-top: 0px;\n  padding-bottom: 0px;\n}\n#section_32688968 .section-bg-overlay {\n  background-color: rgba(0, 0, 0, 0.5);\n}\n#section_32688968 .section-bg.bg-loaded {\n  background-image: url(https:\/\/nkolimpija24.innnet.de\/wp-content\/uploads\/2021\/09\/logo_na_beli.png);\n}\n<\/style>\n\t<\/section>\n\t\n\n<div class=\"row\"  id=\"row-1173463678\">\n\n\t<div id=\"col-1927732890\" class=\"col pm small-12 large-12\"  >\n\t\t\t\t<div class=\"col-inner\"  >\n\t\t\t\n\t\t\t\n\n\t\t<div class=\"tabbed-content olimpija-tab\">\n\t\t\t\n\t\t\t<ul class=\"nav nav-simple nav-uppercase nav-size-normal nav-left\" role=\"tablist\"><li id=\"tab-news\" class=\"tab active has-icon\" role=\"presentation\"><a href=\"#tab_news\" role=\"tab\" aria-selected=\"true\" aria-controls=\"tab_news\"><span>NEWS<\/span><\/a><\/li>\n<li id=\"tab-expert-staff\" class=\"tab has-icon\" role=\"presentation\"><a href=\"#tab_expert-staff\" tabindex=\"-1\" role=\"tab\" aria-selected=\"false\" aria-controls=\"tab_expert-staff\"><span>EXPERT STAFF<\/span><\/a><\/li>\n<li id=\"tab-players\" class=\"tab has-icon\" role=\"presentation\"><a href=\"#tab_players\" tabindex=\"-1\" role=\"tab\" aria-selected=\"false\" aria-controls=\"tab_players\"><span>PLAYERS<\/span><\/a><\/li><\/ul><div class=\"tab-panels\"><div id=\"tab_news\" class=\"panel active entry-content\" role=\"tabpanel\" aria-labelledby=\"tab-news\">\n\t<div id=\"gap-44020108\" class=\"gap-element clearfix\" style=\"display:block; height:auto;\">\n\t\t\n<style>\n#gap-44020108 {\n  padding-top: 60px;\n}\n<\/style>\n\t<\/div>\n\t\n\n<div class=\"row\"  id=\"row-1337944153\">\n\n\t<div id=\"col-845052602\" class=\"col small-12 large-12\"  >\n\t\t\t\t<div class=\"col-inner text-center\"  >\n\t\t\t\n\t\t\t\n<a href=\"http:\/\/www.nkolimpija.si\/oznaka\/u11\/\" class=\"button primary gumb-novice\"  >\n    <span>SEE MORE NEWS<\/span>\n  <\/a>\n\n\t\t<\/div>\n\t\t\t\t\t<\/div>\n\n\t\n<\/div>\n<\/div>\n<div id=\"tab_expert-staff\" class=\"panel entry-content\" role=\"tabpanel\" aria-labelledby=\"tab-expert-staff\">\n<div class=\"row align-equal\"  id=\"row-1519521777\">\n\n\t<div id=\"col-1946298173\" class=\"col small-12 large-12\"  >\n\t\t\t\t<div class=\"col-inner\"  >\n\t\t\t\n\t\t\t\n\t<div id=\"gap-316414642\" class=\"gap-element clearfix\" style=\"display:block; height:auto;\">\n\t\t\n<style>\n#gap-316414642 {\n  padding-top: 30px;\n}\n<\/style>\n\t<\/div>\n\t\n<div class=\"row row-collapse align-equal\"  id=\"row-1735640994\">\n\n\t<div id=\"col-950095104\" class=\"col small-12 large-12\"  >\n\t\t\t\t<div class=\"col-inner box-shadow-2\"  >\n\t\t\t\n\t\t\t\n<div class=\"row align-middle\"  id=\"row-2071537491\">\n\n\t<div id=\"col-1831564748\" class=\"col p-0 medium-12 small-12 large-6\"  >\n\t\t\t\t<div class=\"col-inner\"  >\n\t\t\t\n\t\t\t\n\t<div class=\"img has-hover x md-x lg-x y md-y lg-y\" id=\"image_582993366\">\n\t\t\t\t\t\t\t\t<div class=\"img-inner dark\" >\n\t\t\t<img loading=\"lazy\" decoding=\"async\" width=\"1020\" height=\"361\" src=\"https:\/\/nkolimpija24.innnet.de\/wp-content\/uploads\/2021\/12\/zakljucek_prvega_dela_sezone.png\" class=\"attachment-large size-large\" alt=\"\" srcset=\"https:\/\/nkolimpija24.innnet.de\/wp-content\/uploads\/2021\/12\/zakljucek_prvega_dela_sezone.png 1920w, https:\/\/nkolimpija24.innnet.de\/wp-content\/uploads\/2021\/12\/zakljucek_prvega_dela_sezone-800x283.png 800w, https:\/\/nkolimpija24.innnet.de\/wp-content\/uploads\/2021\/12\/zakljucek_prvega_dela_sezone-768x272.png 768w, https:\/\/nkolimpija24.innnet.de\/wp-content\/uploads\/2021\/12\/zakljucek_prvega_dela_sezone-1536x544.png 1536w\" sizes=\"(max-width: 1020px) 100vw, 1020px\" \/>\t\t\t\t\t\t\n\t\t\t\t\t<\/div>\n\t\t\t\t\t\t\t\t\n<style>\n#image_582993366 {\n  width: 100%;\n}\n<\/style>\n\t<\/div>\n\t\n\t\t<\/div>\n\t\t\t\t\n<style>\n#col-1831564748 > .col-inner {\n  padding: 0px 0px 0px 0px;\n}\n<\/style>\n\t<\/div>\n\n\t\n\n\t<div id=\"col-10168363\" class=\"col medium-12 small-12 large-6\"  >\n\t\t\t\t<div class=\"col-inner\"  >\n\t\t\t\n\t\t\t\n<h3 class=\"mb-0 strokovni-stab\">LUKA KOVA\u010cI\u010c<\/h3>\n<h4 class=\"strokovni-stab\">HEAD COACH<\/h4>\n\t\t<\/div>\n\t\t\t\t\n<style>\n#col-10168363 > .col-inner {\n  padding: 30px 20px 0px 20px;\n}\n@media (min-width:550px) {\n  #col-10168363 > .col-inner {\n    padding: 40px 40px 0px 40px;\n  }\n}\n@media (min-width:850px) {\n  #col-10168363 > .col-inner {\n    padding: 0px 19px 0px 60px;\n  }\n}\n<\/style>\n\t<\/div>\n\n\t\n<\/div>\n\t\t<\/div>\n\t\t\t\t\n<style>\n#col-950095104 > .col-inner {\n  padding: 0px 0px 0px 0px;\n}\n<\/style>\n\t<\/div>\n\n\t\n\n<style>\n#row-1735640994 > .col > .col-inner {\n  padding: 0px 0px 0px 0px;\n  background-color: rgb(255, 255, 255);\n}\n<\/style>\n<\/div>\n\t\t<\/div>\n\t\t\t\t\n<style>\n#col-1946298173 > .col-inner {\n  padding: 0 40px 0px 40px;\n}\n@media (min-width:850px) {\n  #col-1946298173 > .col-inner {\n    padding: px 0px 0px 0px;\n  }\n}\n<\/style>\n\t<\/div>\n\n\t\n\n<style>\n#row-1519521777 > .col > .col-inner {\n  padding: 0px 0px 0px 0px;\n}\n<\/style>\n<\/div>\n<div class=\"row align-equal\"  id=\"row-1896858431\">\n\n\t<div id=\"col-14346628\" class=\"col small-12 large-12\"  >\n\t\t\t\t<div class=\"col-inner\"  >\n\t\t\t\n\t\t\t\n<div class=\"row row-box-shadow-2\"  id=\"row-1926824009\">\n\n\t<div id=\"col-1701227388\" class=\"col medium-6 small-12 large-4\"  >\n\t\t\t\t<div class=\"col-inner box-shadow-2\"  >\n\t\t\t\n\t\t\t\n\t<div id=\"gap-1440179820\" class=\"gap-element clearfix\" style=\"display:block; height:auto;\">\n\t\t\n<style>\n#gap-1440179820 {\n  padding-top: 30px;\n}\n<\/style>\n\t<\/div>\n\t\n\t<div id=\"text-2190061515\" class=\"text\">\n\t\t\n<h3 class=\"mb-0 strokovni-stab\">Mladen STEFANOVSKI<\/h3>\n<h4 class=\"strokovni-stab\">ASSISTANT COACH<\/h4>\n\t\t\n<style>\n#text-2190061515 {\n  font-size: 0.75rem;\n}\n@media (min-width:550px) {\n  #text-2190061515 {\n    font-size: 0.8rem;\n  }\n}\n<\/style>\n\t<\/div>\n\t\n\t<div class=\"img has-hover x md-x lg-x y md-y lg-y\" id=\"image_1693058500\">\n\t\t\t\t\t\t\t\t<div class=\"img-inner dark\" >\n\t\t\t<img loading=\"lazy\" decoding=\"async\" width=\"872\" height=\"1024\" src=\"https:\/\/nkolimpija24.innnet.de\/wp-content\/uploads\/2022\/02\/silhouette-01.png\" class=\"attachment-large size-large\" alt=\"\" srcset=\"https:\/\/nkolimpija24.innnet.de\/wp-content\/uploads\/2022\/02\/silhouette-01.png 872w, https:\/\/nkolimpija24.innnet.de\/wp-content\/uploads\/2022\/02\/silhouette-01-341x400.png 341w, https:\/\/nkolimpija24.innnet.de\/wp-content\/uploads\/2022\/02\/silhouette-01-768x902.png 768w\" sizes=\"(max-width: 872px) 100vw, 872px\" \/>\t\t\t\t\t\t\n\t\t\t\t\t<\/div>\n\t\t\t\t\t\t\t\t\n<style>\n#image_1693058500 {\n  width: 100%;\n}\n<\/style>\n\t<\/div>\n\t\n\t\t<\/div>\n\t\t\t\t\n<style>\n#col-1701227388 > .col-inner {\n  padding: 0px 20px 0px 20px;\n}\n@media (min-width:550px) {\n  #col-1701227388 > .col-inner {\n    padding: 0px 30px 0px 30px;\n  }\n}\n<\/style>\n\t<\/div>\n\n\t\n\n\t<div id=\"col-309270349\" class=\"col medium-6 small-12 large-4\"  >\n\t\t\t\t<div class=\"col-inner box-shadow-2\"  >\n\t\t\t\n\t\t\t\n\t<div id=\"gap-546684135\" class=\"gap-element clearfix\" style=\"display:block; height:auto;\">\n\t\t\n<style>\n#gap-546684135 {\n  padding-top: 30px;\n}\n<\/style>\n\t<\/div>\n\t\n\t<div id=\"text-278934753\" class=\"text\">\n\t\t\n<h3 class=\"mb-0 strokovni-stab\">\u017dane BORTEK<\/h3>\n<h4 class=\"strokovni-stab\">PHYSICAL THERAPIST<\/h4>\n\t\t\n<style>\n#text-278934753 {\n  font-size: 0.75rem;\n}\n@media (min-width:550px) {\n  #text-278934753 {\n    font-size: 0.8rem;\n  }\n}\n<\/style>\n\t<\/div>\n\t\n\t<div class=\"img has-hover x md-x lg-x y md-y lg-y\" id=\"image_232396938\">\n\t\t\t\t\t\t\t\t<div class=\"img-inner dark\" >\n\t\t\t<img loading=\"lazy\" decoding=\"async\" width=\"872\" height=\"1024\" src=\"https:\/\/nkolimpija24.innnet.de\/wp-content\/uploads\/2022\/02\/silhouette-01.png\" class=\"attachment-large size-large\" alt=\"\" srcset=\"https:\/\/nkolimpija24.innnet.de\/wp-content\/uploads\/2022\/02\/silhouette-01.png 872w, https:\/\/nkolimpija24.innnet.de\/wp-content\/uploads\/2022\/02\/silhouette-01-341x400.png 341w, https:\/\/nkolimpija24.innnet.de\/wp-content\/uploads\/2022\/02\/silhouette-01-768x902.png 768w\" sizes=\"(max-width: 872px) 100vw, 872px\" \/>\t\t\t\t\t\t\n\t\t\t\t\t<\/div>\n\t\t\t\t\t\t\t\t\n<style>\n#image_232396938 {\n  width: 100%;\n}\n<\/style>\n\t<\/div>\n\t\n\t\t<\/div>\n\t\t\t\t\n<style>\n#col-309270349 > .col-inner {\n  padding: 0px 20px 0px 20px;\n}\n@media (min-width:550px) {\n  #col-309270349 > .col-inner {\n    padding: 0px 30px 0px 30px;\n  }\n}\n<\/style>\n\t<\/div>\n\n\t\n\n\t<div id=\"col-209845295\" class=\"col medium-6 small-12 large-4\"  >\n\t\t\t\t<div class=\"col-inner box-shadow-2\"  >\n\t\t\t\n\t\t\t\n\t<div id=\"gap-1941669120\" class=\"gap-element clearfix\" style=\"display:block; height:auto;\">\n\t\t\n<style>\n#gap-1941669120 {\n  padding-top: 30px;\n}\n<\/style>\n\t<\/div>\n\t\n\t<div id=\"text-88610455\" class=\"text\">\n\t\t\n<h3 class=\"mb-0 strokovni-stab\">Sara LOVREN\u010cI\u010c<\/h3>\n<h4 class=\"strokovni-stab\">PHYSICAL THERAPIST<\/h4>\n\t\t\n<style>\n#text-88610455 {\n  font-size: 0.75rem;\n}\n@media (min-width:550px) {\n  #text-88610455 {\n    font-size: 0.8rem;\n  }\n}\n<\/style>\n\t<\/div>\n\t\n\t<div class=\"img has-hover x md-x lg-x y md-y lg-y\" id=\"image_1286635426\">\n\t\t\t\t\t\t\t\t<div class=\"img-inner dark\" >\n\t\t\t<img loading=\"lazy\" decoding=\"async\" width=\"872\" height=\"1024\" src=\"https:\/\/nkolimpija24.innnet.de\/wp-content\/uploads\/2022\/02\/silhouette-01.png\" class=\"attachment-large size-large\" alt=\"\" srcset=\"https:\/\/nkolimpija24.innnet.de\/wp-content\/uploads\/2022\/02\/silhouette-01.png 872w, https:\/\/nkolimpija24.innnet.de\/wp-content\/uploads\/2022\/02\/silhouette-01-341x400.png 341w, https:\/\/nkolimpija24.innnet.de\/wp-content\/uploads\/2022\/02\/silhouette-01-768x902.png 768w\" sizes=\"(max-width: 872px) 100vw, 872px\" \/>\t\t\t\t\t\t\n\t\t\t\t\t<\/div>\n\t\t\t\t\t\t\t\t\n<style>\n#image_1286635426 {\n  width: 100%;\n}\n<\/style>\n\t<\/div>\n\t\n\t\t<\/div>\n\t\t\t\t\n<style>\n#col-209845295 > .col-inner {\n  padding: 0px 20px 0px 20px;\n}\n@media (min-width:550px) {\n  #col-209845295 > .col-inner {\n    padding: 0px 30px 0px 30px;\n  }\n}\n<\/style>\n\t<\/div>\n\n\t\n\n\n\n<\/div>\n\t\t<\/div>\n\t\t\t\t\n<style>\n#col-14346628 > .col-inner {\n  padding: 0px 20px 0px 0px;\n  margin: 0px px 0px 0px;\n}\n<\/style>\n\t<\/div>\n\n\t\n\n<style>\n#row-1896858431 > .col > .col-inner {\n  padding: 0px 0px 0px 0px;\n}\n<\/style>\n<\/div>\n\t<div id=\"gap-686868847\" class=\"gap-element clearfix\" style=\"display:block; height:auto;\">\n\t\t\n<style>\n#gap-686868847 {\n  padding-top: 0px;\n}\n@media (min-width:550px) {\n  #gap-686868847 {\n    padding-top: 30px;\n  }\n}\n<\/style>\n\t<\/div>\n\t\n<\/div>\n<div id=\"tab_players\" class=\"panel entry-content\" role=\"tabpanel\" aria-labelledby=\"tab-players\">\n\t<div id=\"gap-1086291513\" class=\"gap-element clearfix\" style=\"display:block; height:auto;\">\n\t\t\n<style>\n#gap-1086291513 {\n  padding-top: 30px;\n}\n<\/style>\n\t<\/div>\n\t\n<div class=\"row row-collapse\"  id=\"row-1521634051\">\n\n\t<div id=\"col-681947908\" class=\"col small-12 large-12\"  >\n\t\t\t\t<div class=\"col-inner\"  >\n\t\t\t\n\t\t\t\n\t<div id=\"text-2604627947\" class=\"text\">\n\t\t\n<table class=\"tabela-nastopi3c\">\n<thead>\n<tr>\n<th>PLAYER<\/th>\n<th>BIRTH DATE<\/th>\n<th><\/th>\n<\/tr>\n<\/thead>\n<tbody>\n<tr>\n<td>Tom Bri\u0161ki<\/td>\n<td>2011<\/td>\n<td><\/td>\n<\/tr>\n<tr>\n<td>Dragan Brklja\u010d<\/td>\n<td>2011<\/td>\n<td><\/td>\n<\/tr>\n<tr>\n<td>Daris Tabakovi\u0107<\/td>\n<td>2011<\/td>\n<td><\/td>\n<\/tr>\n<tr>\n<td>Nik Arsov Drolc<\/td>\n<td>2011<\/td>\n<td><\/td>\n<\/tr>\n<tr>\n<td>Anes Velagi\u0107<\/td>\n<td>2011<\/td>\n<td><\/td>\n<\/tr>\n<tr>\n<td>Teodor Ke\u010dan Komi\u0107<\/td>\n<td>2011<\/td>\n<td><\/td>\n<\/tr>\n<tr>\n<td>Tin Pajenk<\/td>\n<td>2011<\/td>\n<td><\/td>\n<\/tr>\n<tr>\n<td>Tim Lazicani<\/td>\n<td>2011<\/td>\n<td><\/td>\n<\/tr>\n<tr>\n<td>Nemanja \u0110or\u0111evi\u0107<\/td>\n<td>2011<\/td>\n<td><\/td>\n<\/tr>\n<tr>\n<td>Lai Zavr\u0161nik<\/td>\n<td>2011<\/td>\n<td><\/td>\n<\/tr>\n<tr>\n<td>Mak Re\u0161idovi\u0107<\/td>\n<td>2011<\/td>\n<td><\/td>\n<\/tr>\n<tr>\n<td>Tim Povh<\/td>\n<td>2011<\/td>\n<td><\/td>\n<\/tr>\n<tr>\n<td>Arijan \u010cau\u0161evi\u0107<\/td>\n<td>2011<\/td>\n<td><\/td>\n<\/tr>\n<tr>\n<td>David Petrovic<\/td>\n<td>2011<\/td>\n<td><\/td>\n<\/tr>\n<tr>\n<td>Nik Perko<\/td>\n<td>2011<\/td>\n<td><\/td>\n<\/tr>\n<tr>\n<td>Lenart Dakskobler<\/td>\n<td>2011<\/td>\n<td><\/td>\n<\/tr>\n<tr>\n<td>Aleksej Ze\u010devi\u0107<\/td>\n<td>2011<\/td>\n<td><\/td>\n<\/tr>\n<tr>\n<td>Emin Me\u0161anovi\u0107<\/td>\n<td>2011<\/td>\n<td><\/td>\n<\/tr>\n<tr>\n<td>David Pejic<\/td>\n<td>2011<\/td>\n<td><\/td>\n<\/tr>\n<tr>\n<td>Maks Gnezda-reki\u0107<\/td>\n<td>2011<\/td>\n<td><\/td>\n<\/tr>\n<tr>\n<td>Benjamin Babic<\/td>\n<td>2011<\/td>\n<td><\/td>\n<\/tr>\n<tr>\n<td>Jaka Doltar<\/td>\n<td>2011<\/td>\n<td><\/td>\n<\/tr>\n<tr>\n<td>Valentino Peji\u0107<\/td>\n<td>2011<\/td>\n<td><\/td>\n<\/tr>\n<tr>\n<td>Din Glava\u0161<\/td>\n<td>2011<\/td>\n<td><\/td>\n<\/tr>\n<tr>\n<td>Aldin Artukovi\u0107<\/td>\n<td>2011<\/td>\n<td><\/td>\n<\/tr>\n<tr>\n<td>An Kumali\u0107<\/td>\n<td>2011<\/td>\n<td><\/td>\n<\/tr>\n<tr>\n<td>Emin Me\u0161anovi\u0107<\/td>\n<td>2011<\/td>\n<td><\/td>\n<\/tr>\n<tr>\n<td>Ishak Salanovi\u0107<\/td>\n<td>2011<\/td>\n<td><\/td>\n<\/tr>\n<tr>\n<td>Tarik Top\u010dagi\u0107<\/td>\n<td>2011<\/td>\n<td><\/td>\n<\/tr>\n<\/tbody>\n<\/table>\n\t\t\n<style>\n#text-2604627947 {\n  text-align: center;\n}\n<\/style>\n\t<\/div>\n\t\n\t\t<\/div>\n\t\t\t\t\n<style>\n#col-681947908 > .col-inner {\n  padding: 0px 10px 0px 10px;\n}\n<\/style>\n\t<\/div>\n\n\t\n<\/div>\n<\/div><\/div><\/div>\n\t\t<\/div>\n\t\t\t\t\t<\/div>\n\n\t\n<\/div>\n\t<div id=\"gap-1997256771\" class=\"gap-element clearfix\" style=\"display:block; height:auto;\">\n\t\t\n<style>\n#gap-1997256771 {\n  padding-top: 0px;\n}\n@media (min-width:550px) {\n  #gap-1997256771 {\n    padding-top: 30px;\n  }\n}\n<\/style>\n\t<\/div>\n\t\n\t<div id=\"gap-214940361\" class=\"gap-element clearfix\" style=\"display:block; height:auto;\">\n\t\t\n<style>\n#gap-214940361 {\n  padding-top: 0px;\n}\n@media (min-width:550px) {\n  #gap-214940361 {\n    padding-top: 40px;\n  }\n}\n<\/style>\n\t<\/div>\n\t\n","protected":false},"excerpt":{"rendered":"","protected":false},"author":63,"featured_media":0,"parent":21917,"menu_order":0,"comment_status":"closed","ping_status":"closed","template":"page-blank.php","meta":{"_acf_changed":false,"footnotes":""},"acf":[],"yoast_head":"<!-- This site is optimized with the Yoast SEO plugin v22.3 - https:\/\/yoast.com\/wordpress\/plugins\/seo\/ -->\n<title>U11 - NK Olimpija Ljubljana<\/title>\n<meta name=\"description\" content=\"The U10 FC Olimpija Ljubljana team participates in the highest level of competition for their age group under the leadership of their coach, Edo Bajrektarevi\u0107.\" \/>\n<meta name=\"robots\" content=\"index, follow, max-snippet:-1, max-image-preview:large, max-video-preview:-1\" \/>\n<link rel=\"canonical\" href=\"https:\/\/nkolimpija24.innnet.de\/zmajcki\/u11\/\" \/>\n<script type=\"application\/ld+json\" class=\"yoast-schema-graph\">{\"@context\":\"https:\/\/schema.org\",\"@graph\":[{\"@type\":\"WebPage\",\"@id\":\"https:\/\/nkolimpija24.innnet.de\/zmajcki\/u11\/\",\"url\":\"https:\/\/nkolimpija24.innnet.de\/zmajcki\/u11\/\",\"name\":\"U11 - NK Olimpija Ljubljana\",\"isPartOf\":{\"@id\":\"https:\/\/nkolimpija24.innnet.de\/#website\"},\"datePublished\":\"2022-02-03T09:38:20+00:00\",\"dateModified\":\"2023-10-30T14:05:16+00:00\",\"description\":\"The U10 FC Olimpija Ljubljana team participates in the highest level of competition for their age group under the leadership of their coach, Edo Bajrektarevi\u0107.\",\"breadcrumb\":{\"@id\":\"https:\/\/nkolimpija24.innnet.de\/zmajcki\/u11\/#breadcrumb\"},\"inLanguage\":\"en-US\",\"potentialAction\":[{\"@type\":\"ReadAction\",\"target\":[\"https:\/\/nkolimpija24.innnet.de\/zmajcki\/u11\/\"]}]},{\"@type\":\"BreadcrumbList\",\"@id\":\"https:\/\/nkolimpija24.innnet.de\/zmajcki\/u11\/#breadcrumb\",\"itemListElement\":[{\"@type\":\"ListItem\",\"position\":1,\"name\":\"Home\",\"item\":\"https:\/\/nkolimpija24.innnet.de\/en\/\"},{\"@type\":\"ListItem\",\"position\":2,\"name\":\"Dragons\",\"item\":\"https:\/\/nkolimpija24.innnet.de\/zmajcki\/\"},{\"@type\":\"ListItem\",\"position\":3,\"name\":\"U11\"}]},{\"@type\":\"WebSite\",\"@id\":\"https:\/\/nkolimpija24.innnet.de\/#website\",\"url\":\"https:\/\/nkolimpija24.innnet.de\/\",\"name\":\"NK Olimpija Ljubljana\",\"description\":\"Eno \u017eivljenje - ena ljubezen\",\"potentialAction\":[{\"@type\":\"SearchAction\",\"target\":{\"@type\":\"EntryPoint\",\"urlTemplate\":\"https:\/\/nkolimpija24.innnet.de\/?s={search_term_string}\"},\"query-input\":\"required name=search_term_string\"}],\"inLanguage\":\"en-US\"}]}<\/script>\n<!-- \/ Yoast SEO plugin. -->","yoast_head_json":{"title":"U11 - NK Olimpija Ljubljana","description":"The U10 FC Olimpija Ljubljana team participates in the highest level of competition for their age group under the leadership of their coach, Edo Bajrektarevi\u0107.","robots":{"index":"index","follow":"follow","max-snippet":"max-snippet:-1","max-image-preview":"max-image-preview:large","max-video-preview":"max-video-preview:-1"},"canonical":"https:\/\/nkolimpija24.innnet.de\/zmajcki\/u11\/","schema":{"@context":"https:\/\/schema.org","@graph":[{"@type":"WebPage","@id":"https:\/\/nkolimpija24.innnet.de\/zmajcki\/u11\/","url":"https:\/\/nkolimpija24.innnet.de\/zmajcki\/u11\/","name":"U11 - NK Olimpija Ljubljana","isPartOf":{"@id":"https:\/\/nkolimpija24.innnet.de\/#website"},"datePublished":"2022-02-03T09:38:20+00:00","dateModified":"2023-10-30T14:05:16+00:00","description":"The U10 FC Olimpija Ljubljana team participates in the highest level of competition for their age group under the leadership of their coach, Edo Bajrektarevi\u0107.","breadcrumb":{"@id":"https:\/\/nkolimpija24.innnet.de\/zmajcki\/u11\/#breadcrumb"},"inLanguage":"en-US","potentialAction":[{"@type":"ReadAction","target":["https:\/\/nkolimpija24.innnet.de\/zmajcki\/u11\/"]}]},{"@type":"BreadcrumbList","@id":"https:\/\/nkolimpija24.innnet.de\/zmajcki\/u11\/#breadcrumb","itemListElement":[{"@type":"ListItem","position":1,"name":"Home","item":"https:\/\/nkolimpija24.innnet.de\/en\/"},{"@type":"ListItem","position":2,"name":"Dragons","item":"https:\/\/nkolimpija24.innnet.de\/zmajcki\/"},{"@type":"ListItem","position":3,"name":"U11"}]},{"@type":"WebSite","@id":"https:\/\/nkolimpija24.innnet.de\/#website","url":"https:\/\/nkolimpija24.innnet.de\/","name":"NK Olimpija Ljubljana","description":"Eno \u017eivljenje - ena ljubezen","potentialAction":[{"@type":"SearchAction","target":{"@type":"EntryPoint","urlTemplate":"https:\/\/nkolimpija24.innnet.de\/?s={search_term_string}"},"query-input":"required name=search_term_string"}],"inLanguage":"en-US"}]}},"_links":{"self":[{"href":"https:\/\/nkolimpija24.innnet.de\/en\/wp-json\/wp\/v2\/pages\/22006"}],"collection":[{"href":"https:\/\/nkolimpija24.innnet.de\/en\/wp-json\/wp\/v2\/pages"}],"about":[{"href":"https:\/\/nkolimpija24.innnet.de\/en\/wp-json\/wp\/v2\/types\/page"}],"author":[{"embeddable":true,"href":"https:\/\/nkolimpija24.innnet.de\/en\/wp-json\/wp\/v2\/users\/63"}],"replies":[{"embeddable":true,"href":"https:\/\/nkolimpija24.innnet.de\/en\/wp-json\/wp\/v2\/comments?post=22006"}],"version-history":[{"count":8,"href":"https:\/\/nkolimpija24.innnet.de\/en\/wp-json\/wp\/v2\/pages\/22006\/revisions"}],"predecessor-version":[{"id":25451,"href":"https:\/\/nkolimpija24.innnet.de\/en\/wp-json\/wp\/v2\/pages\/22006\/revisions\/25451"}],"up":[{"embeddable":true,"href":"https:\/\/nkolimpija24.innnet.de\/en\/wp-json\/wp\/v2\/pages\/21917"}],"wp:attachment":[{"href":"https:\/\/nkolimpija24.innnet.de\/en\/wp-json\/wp\/v2\/media?parent=22006"}],"curies":[{"name":"wp","href":"https:\/\/api.w.org\/{rel}","templated":true}]}}