{"id":22024,"date":"2022-02-03T07:21:02","date_gmt":"2022-02-03T06:21:02","guid":{"rendered":"https:\/\/nkolimpija.innnet.de\/dragons\/u15\/"},"modified":"2023-10-30T15:01:46","modified_gmt":"2023-10-30T14:01:46","slug":"u15","status":"publish","type":"page","link":"https:\/\/nkolimpija24.innnet.de\/en\/dragons\/u15\/","title":{"rendered":"U15"},"content":{"rendered":"\t<section class=\"section splosno-section\" id=\"section_1404641430\">\n\t\t<div class=\"bg section-bg fill bg-fill  \" >\n\n\t\t\t\n\t\t\t<div class=\"section-bg-overlay absolute fill\"><\/div>\n\t\t\t\n\n\t\t<\/div>\n\n\t\t\n\n\t\t<div class=\"section-content relative\">\n\t\t\t\n<div class=\"row row-collapse row-full-width\"  id=\"row-1483632292\">\n\n\t<div id=\"col-1967235584\" class=\"col naslov-col small-12 large-12\"  >\n\t\t\t\t<div class=\"col-inner\"  >\n\t\t\t\n\t\t\t\n<h1>U15<\/h1>\n\t\t<\/div>\n\t\t\t\t\t<\/div>\n\n\t\n\n\t<div id=\"col-78961927\" class=\"col meni-col small-12 large-12\"  >\n\t\t\t\t<div class=\"col-inner\"  >\n\t\t\t\n\t\t\t\n\t\t<\/div>\n\t\t\t\t\t<\/div>\n\n\t\n<\/div>\n\t\t<\/div>\n\n\t\t\n<style>\n#section_1404641430 {\n  padding-top: 0px;\n  padding-bottom: 0px;\n}\n#section_1404641430 .section-bg-overlay {\n  background-color: rgba(0,0,0,.5);\n}\n#section_1404641430 .section-bg.bg-loaded {\n  background-image: url(https:\/\/nkolimpija24.innnet.de\/wp-content\/uploads\/2022\/10\/IMG_4271-min-scaled.jpg);\n}\n<\/style>\n\t<\/section>\n\t\n\n<div class=\"row\"  id=\"row-455862526\">\n\n\t<div id=\"col-1730709486\" class=\"col pm small-12 large-12\"  >\n\t\t\t\t<div class=\"col-inner\"  >\n\t\t\t\n\t\t\t\n\n\t\t<div class=\"tabbed-content olimpija-tab\">\n\t\t\t\n\t\t\t<ul class=\"nav nav-simple nav-uppercase nav-size-normal nav-left\" role=\"tablist\"><li id=\"tab-news\" class=\"tab active has-icon\" role=\"presentation\"><a href=\"#tab_news\" role=\"tab\" aria-selected=\"true\" aria-controls=\"tab_news\"><span>NEWS<\/span><\/a><\/li>\n<li id=\"tab-professional-staff\" class=\"tab has-icon\" role=\"presentation\"><a href=\"#tab_professional-staff\" tabindex=\"-1\" role=\"tab\" aria-selected=\"false\" aria-controls=\"tab_professional-staff\"><span>PROFESSIONAL STAFF<\/span><\/a><\/li>\n<li id=\"tab-players\" class=\"tab has-icon\" role=\"presentation\"><a href=\"#tab_players\" tabindex=\"-1\" role=\"tab\" aria-selected=\"false\" aria-controls=\"tab_players\"><span>PLAYERS<\/span><\/a><\/li><\/ul><div class=\"tab-panels\"><div id=\"tab_news\" class=\"panel active entry-content\" role=\"tabpanel\" aria-labelledby=\"tab-news\">\n\t<div id=\"gap-1482100039\" class=\"gap-element clearfix\" style=\"display:block; height:auto;\">\n\t\t\n<style>\n#gap-1482100039 {\n  padding-top: 60px;\n}\n<\/style>\n\t<\/div>\n\t\n<div class=\"blog\">\n                <div class=\"category-tag-custom-archive\"><a href=\"\">Dragons<\/a><\/div>  \n                <a href=\"https:\/\/nkolimpija24.innnet.de\/en\/2023\/10\/11\/cadets-are-also-successful-alongside-juniors\/\">\n                    <div class=\"last-post-archive\">\n                        <div class=\"img-last-post\"><img loading=\"lazy\" decoding=\"async\" width=\"2560\" height=\"1707\" src=\"https:\/\/nkolimpija24.innnet.de\/wp-content\/uploads\/2023\/10\/image_6483441-scaled.jpg\" class=\"attachment-post-thumbnail size-post-thumbnail wp-post-image\" alt=\"\" srcset=\"https:\/\/nkolimpija24.innnet.de\/wp-content\/uploads\/2023\/10\/image_6483441-scaled.jpg 2560w, https:\/\/nkolimpija24.innnet.de\/wp-content\/uploads\/2023\/10\/image_6483441-600x400.jpg 600w, https:\/\/nkolimpija24.innnet.de\/wp-content\/uploads\/2023\/10\/image_6483441-1620x1080.jpg 1620w, https:\/\/nkolimpija24.innnet.de\/wp-content\/uploads\/2023\/10\/image_6483441-768x512.jpg 768w, https:\/\/nkolimpija24.innnet.de\/wp-content\/uploads\/2023\/10\/image_6483441-1536x1024.jpg 1536w, https:\/\/nkolimpija24.innnet.de\/wp-content\/uploads\/2023\/10\/image_6483441-2048x1365.jpg 2048w, https:\/\/nkolimpija24.innnet.de\/wp-content\/uploads\/2023\/10\/image_6483441-1320x880.jpg 1320w\" sizes=\"(max-width: 2560px) 100vw, 2560px\" \/><\/div>\n                        <div class=\"content-last-post\">\n                            <div class=\"cat-date archive-page-custom\">\n                                <span class=\"no-padding\">Wednesday, 11. 10. 2023<\/span>\n                            <\/div>\n                            <h2 class=\"last-post-title\">Cadets are also successful alongside juniors<\/h2>\n                            <p>The juniors are getting closer and closer to the top with another win. Darijan Mati\u0107 and Matev\u017e Poto\u010dnik&#8217;s teams also played their new championship matches. In Jama we saw a&hellip;<\/p>\n                        <\/div>\n                    <\/div>\n                <\/a>\n                <\/div><div class=\"cont-posts3-cole\"><a class=\"container-listed-posts\" href=\"https:\/\/nkolimpija24.innnet.de\/en\/2023\/03\/31\/matevz-potocnik-nov-trener-u15\/\">\n                <div class=\"listed-posts-archive\">\n                    <div class=\"listed-img\"><img loading=\"lazy\" decoding=\"async\" width=\"280\" height=\"280\" src=\"https:\/\/nkolimpija24.innnet.de\/wp-content\/uploads\/2023\/03\/image_6487327_11zon-scaled-e1680246350866-280x280-1.jpg\" class=\"attachment-post-thumbnail size-post-thumbnail wp-post-image\" alt=\"\" srcset=\"https:\/\/nkolimpija24.innnet.de\/wp-content\/uploads\/2023\/03\/image_6487327_11zon-scaled-e1680246350866-280x280-1.jpg 280w, https:\/\/nkolimpija24.innnet.de\/wp-content\/uploads\/2023\/03\/image_6487327_11zon-scaled-e1680246350866-280x280-1-100x100.jpg 100w\" sizes=\"(max-width: 280px) 100vw, 280px\" \/><\/div>\n                    <div class=\"listed-post-content\">\n                        <div class=\"cat-date archive-page-custom\">\n                            <span class=\"no-padding\">Friday, 31. 03. 2023<\/span>\n                        <\/div>\n                        <h2 class=\"last-post-title\">Matev\u017e Poto\u010dnik nov trener U15<\/h2>\n                    <\/div>\n                <\/div>  \n            <\/a><\/div>\n<div class=\"row\"  id=\"row-254543819\">\n\n\t<div id=\"col-1629018636\" class=\"col small-12 large-12\"  >\n\t\t\t\t<div class=\"col-inner text-center\"  >\n\t\t\t\n\t\t\t\n<a href=\"http:\/\/www.nkolimpija.si\/oznaka\/u15\/\" class=\"button primary gumb-novice\"  >\n    <span>SEE MORE NEWS<\/span>\n  <\/a>\n\n\t\t<\/div>\n\t\t\t\t\t<\/div>\n\n\t\n<\/div>\n<\/div>\n<div id=\"tab_professional-staff\" class=\"panel entry-content\" role=\"tabpanel\" aria-labelledby=\"tab-professional-staff\">\n<div class=\"row align-equal\"  id=\"row-2053397593\">\n\n\t<div id=\"col-929477519\" class=\"col small-12 large-12\"  >\n\t\t\t\t<div class=\"col-inner\"  >\n\t\t\t\n\t\t\t\n\t<div id=\"gap-575748799\" class=\"gap-element clearfix\" style=\"display:block; height:auto;\">\n\t\t\n<style>\n#gap-575748799 {\n  padding-top: 30px;\n}\n<\/style>\n\t<\/div>\n\t\n<div class=\"row row-collapse align-equal\"  id=\"row-1954527357\">\n\n\t<div id=\"col-888039487\" class=\"col small-12 large-12\"  >\n\t\t\t\t<div class=\"col-inner box-shadow-2\"  >\n\t\t\t\n\t\t\t\n<div class=\"row align-middle\"  id=\"row-1660324681\">\n\n\t<div id=\"col-1342094169\" class=\"col p-0 medium-12 small-12 large-6\"  >\n\t\t\t\t<div class=\"col-inner\"  >\n\t\t\t\n\t\t\t\n\t<div class=\"img has-hover x md-x lg-x y md-y lg-y\" id=\"image_347026254\">\n\t\t\t\t\t\t\t\t<div class=\"img-inner dark\" >\n\t\t\t<img loading=\"lazy\" decoding=\"async\" width=\"1020\" height=\"361\" src=\"https:\/\/nkolimpija24.innnet.de\/wp-content\/uploads\/2021\/12\/zakljucek_prvega_dela_sezone.png\" class=\"attachment-large size-large\" alt=\"\" srcset=\"https:\/\/nkolimpija24.innnet.de\/wp-content\/uploads\/2021\/12\/zakljucek_prvega_dela_sezone.png 1920w, https:\/\/nkolimpija24.innnet.de\/wp-content\/uploads\/2021\/12\/zakljucek_prvega_dela_sezone-800x283.png 800w, https:\/\/nkolimpija24.innnet.de\/wp-content\/uploads\/2021\/12\/zakljucek_prvega_dela_sezone-768x272.png 768w, https:\/\/nkolimpija24.innnet.de\/wp-content\/uploads\/2021\/12\/zakljucek_prvega_dela_sezone-1536x544.png 1536w\" sizes=\"(max-width: 1020px) 100vw, 1020px\" \/>\t\t\t\t\t\t\n\t\t\t\t\t<\/div>\n\t\t\t\t\t\t\t\t\n<style>\n#image_347026254 {\n  width: 100%;\n}\n<\/style>\n\t<\/div>\n\t\n\t\t<\/div>\n\t\t\t\t\n<style>\n#col-1342094169 > .col-inner {\n  padding: 0px 0px 0px 0px;\n}\n<\/style>\n\t<\/div>\n\n\t\n\n\t<div id=\"col-806017174\" class=\"col medium-12 small-12 large-6\"  >\n\t\t\t\t<div class=\"col-inner\"  >\n\t\t\t\n\t\t\t\n<h3 class=\"mb-0 strokovni-stab\">JAKA KAJTAZOVI\u010c<\/h3>\n<h4 class=\"strokovni-stab\">HEAD COACH<\/h4>\n<p>This former footballer who played in youth categories for Triglav Kranj moved to Ljubljana during the summer of 2020. First, he had two roles, an assistant for the junior category as well as the head coach of the cadets. This professional who used to work for Bled and Triglav now leads the latter team by himself.<\/p>\n\t\t<\/div>\n\t\t\t\t\n<style>\n#col-806017174 > .col-inner {\n  padding: 30px 20px 0px 20px;\n}\n@media (min-width:550px) {\n  #col-806017174 > .col-inner {\n    padding: 40px 40px 0px 40px;\n  }\n}\n@media (min-width:850px) {\n  #col-806017174 > .col-inner {\n    padding: 0px 19px 0px 60px;\n  }\n}\n<\/style>\n\t<\/div>\n\n\t\n<\/div>\n\t\t<\/div>\n\t\t\t\t\n<style>\n#col-888039487 > .col-inner {\n  padding: 0px 0px 0px 0px;\n}\n<\/style>\n\t<\/div>\n\n\t\n\n<style>\n#row-1954527357 > .col > .col-inner {\n  padding: 0px 0px 0px 0px;\n  background-color: rgb(255, 255, 255);\n}\n<\/style>\n<\/div>\n\t\t<\/div>\n\t\t\t\t\n<style>\n#col-929477519 > .col-inner {\n  padding: 0 40px 0px 40px;\n}\n@media (min-width:850px) {\n  #col-929477519 > .col-inner {\n    padding: px 0px 0px 0px;\n  }\n}\n<\/style>\n\t<\/div>\n\n\t\n\n<style>\n#row-2053397593 > .col > .col-inner {\n  padding: 0px 0px 0px 0px;\n}\n<\/style>\n<\/div>\n<div class=\"row align-equal\"  id=\"row-625950927\">\n\n\t<div id=\"col-618410057\" class=\"col small-12 large-12\"  >\n\t\t\t\t<div class=\"col-inner\"  >\n\t\t\t\n\t\t\t\n<div class=\"row row-box-shadow-2\"  id=\"row-1091069227\">\n\n\n\t<div id=\"col-413696580\" class=\"col medium-4 small-12 large-4\"  >\n\t\t\t\t<div class=\"col-inner box-shadow-2\"  >\n\t\t\t\n\t\t\t\n\t<div id=\"gap-1012530842\" class=\"gap-element clearfix\" style=\"display:block; height:auto;\">\n\t\t\n<style>\n#gap-1012530842 {\n  padding-top: 30px;\n}\n<\/style>\n\t<\/div>\n\t\n\t<div id=\"text-873516489\" class=\"text\">\n\t\t\n<h3 class=\"mb-0 strokovni-stab\">Jure \u0160KAFAR<\/h3>\n<h4 class=\"strokovni-stab\">ASSISTANT COACH<\/h4>\n\t\t\n<style>\n#text-873516489 {\n  font-size: 0.75rem;\n}\n@media (min-width:550px) {\n  #text-873516489 {\n    font-size: 0.8rem;\n  }\n}\n<\/style>\n\t<\/div>\n\t\n\t<div class=\"img has-hover x md-x lg-x y md-y lg-y\" id=\"image_940824024\">\n\t\t\t\t\t\t\t\t<div class=\"img-inner dark\" >\n\t\t\t<img loading=\"lazy\" decoding=\"async\" width=\"872\" height=\"1024\" src=\"https:\/\/nkolimpija24.innnet.de\/wp-content\/uploads\/2022\/02\/silhouette-01.png\" class=\"attachment-large size-large\" alt=\"\" srcset=\"https:\/\/nkolimpija24.innnet.de\/wp-content\/uploads\/2022\/02\/silhouette-01.png 872w, https:\/\/nkolimpija24.innnet.de\/wp-content\/uploads\/2022\/02\/silhouette-01-341x400.png 341w, https:\/\/nkolimpija24.innnet.de\/wp-content\/uploads\/2022\/02\/silhouette-01-768x902.png 768w\" sizes=\"(max-width: 872px) 100vw, 872px\" \/>\t\t\t\t\t\t\n\t\t\t\t\t<\/div>\n\t\t\t\t\t\t\t\t\n<style>\n#image_940824024 {\n  width: 100%;\n}\n<\/style>\n\t<\/div>\n\t\n\t\t<\/div>\n\t\t\t\t\n<style>\n#col-413696580 > .col-inner {\n  padding: 0px 20px 0px 20px;\n}\n@media (min-width:550px) {\n  #col-413696580 > .col-inner {\n    padding: 0px 30px 0px 30px;\n  }\n}\n<\/style>\n\t<\/div>\n\n\t\n\n\t<div id=\"col-342013957\" class=\"col medium-4 small-12 large-4\"  >\n\t\t\t\t<div class=\"col-inner box-shadow-2\"  >\n\t\t\t\n\t\t\t\n\t<div id=\"gap-1200973883\" class=\"gap-element clearfix\" style=\"display:block; height:auto;\">\n\t\t\n<style>\n#gap-1200973883 {\n  padding-top: 30px;\n}\n<\/style>\n\t<\/div>\n\t\n\t<div id=\"text-3903489456\" class=\"text\">\n\t\t\n<h3 class=\"mb-0 strokovni-stab\">Andrej TROHA<\/h3>\n<h4 class=\"strokovni-stab\">GOALKEEPER COACH<\/h4>\n\t\t\n<style>\n#text-3903489456 {\n  font-size: 0.75rem;\n}\n@media (min-width:550px) {\n  #text-3903489456 {\n    font-size: 0.8rem;\n  }\n}\n<\/style>\n\t<\/div>\n\t\n\t<div class=\"img has-hover x md-x lg-x y md-y lg-y\" id=\"image_583286890\">\n\t\t\t\t\t\t\t\t<div class=\"img-inner dark\" >\n\t\t\t<img loading=\"lazy\" decoding=\"async\" width=\"872\" height=\"1024\" src=\"https:\/\/nkolimpija24.innnet.de\/wp-content\/uploads\/2022\/02\/silhouette-01.png\" class=\"attachment-large size-large\" alt=\"\" srcset=\"https:\/\/nkolimpija24.innnet.de\/wp-content\/uploads\/2022\/02\/silhouette-01.png 872w, https:\/\/nkolimpija24.innnet.de\/wp-content\/uploads\/2022\/02\/silhouette-01-341x400.png 341w, https:\/\/nkolimpija24.innnet.de\/wp-content\/uploads\/2022\/02\/silhouette-01-768x902.png 768w\" sizes=\"(max-width: 872px) 100vw, 872px\" \/>\t\t\t\t\t\t\n\t\t\t\t\t<\/div>\n\t\t\t\t\t\t\t\t\n<style>\n#image_583286890 {\n  width: 100%;\n}\n<\/style>\n\t<\/div>\n\t\n\t\t<\/div>\n\t\t\t\t\n<style>\n#col-342013957 > .col-inner {\n  padding: 0px 20px 0px 20px;\n}\n@media (min-width:550px) {\n  #col-342013957 > .col-inner {\n    padding: 0px 30px 0px 30px;\n  }\n}\n<\/style>\n\t<\/div>\n\n\t\n\n\t<div id=\"col-595042206\" class=\"col medium-4 small-12 large-4\"  >\n\t\t\t\t<div class=\"col-inner box-shadow-2\"  >\n\t\t\t\n\t\t\t\n\t<div id=\"gap-354894738\" class=\"gap-element clearfix\" style=\"display:block; height:auto;\">\n\t\t\n<style>\n#gap-354894738 {\n  padding-top: 30px;\n}\n<\/style>\n\t<\/div>\n\t\n\t<div id=\"text-1414482355\" class=\"text\">\n\t\t\n<h3 class=\"mb-0 strokovni-stab\">Mateo BARUK\u010cI\u0106<\/h3>\n<h4 class=\"strokovni-stab\">GOALKEEPER COACH<\/h4>\n\t\t\n<style>\n#text-1414482355 {\n  font-size: 0.75rem;\n}\n@media (min-width:550px) {\n  #text-1414482355 {\n    font-size: 0.8rem;\n  }\n}\n<\/style>\n\t<\/div>\n\t\n\t<div class=\"img has-hover x md-x lg-x y md-y lg-y\" id=\"image_1784940568\">\n\t\t\t\t\t\t\t\t<div class=\"img-inner dark\" >\n\t\t\t<img loading=\"lazy\" decoding=\"async\" width=\"872\" height=\"1024\" src=\"https:\/\/nkolimpija24.innnet.de\/wp-content\/uploads\/2022\/02\/silhouette-01.png\" class=\"attachment-large size-large\" alt=\"\" srcset=\"https:\/\/nkolimpija24.innnet.de\/wp-content\/uploads\/2022\/02\/silhouette-01.png 872w, https:\/\/nkolimpija24.innnet.de\/wp-content\/uploads\/2022\/02\/silhouette-01-341x400.png 341w, https:\/\/nkolimpija24.innnet.de\/wp-content\/uploads\/2022\/02\/silhouette-01-768x902.png 768w\" sizes=\"(max-width: 872px) 100vw, 872px\" \/>\t\t\t\t\t\t\n\t\t\t\t\t<\/div>\n\t\t\t\t\t\t\t\t\n<style>\n#image_1784940568 {\n  width: 100%;\n}\n<\/style>\n\t<\/div>\n\t\n\t\t<\/div>\n\t\t\t\t\n<style>\n#col-595042206 > .col-inner {\n  padding: 0px 20px 0px 20px;\n}\n@media (min-width:550px) {\n  #col-595042206 > .col-inner {\n    padding: 0px 30px 0px 30px;\n  }\n}\n<\/style>\n\t<\/div>\n\n\t\n\n\t<div id=\"col-748410312\" class=\"col medium-4 small-12 large-4\"  >\n\t\t\t\t<div class=\"col-inner box-shadow-2\"  >\n\t\t\t\n\t\t\t\n\t<div id=\"gap-1797241619\" class=\"gap-element clearfix\" style=\"display:block; height:auto;\">\n\t\t\n<style>\n#gap-1797241619 {\n  padding-top: 30px;\n}\n<\/style>\n\t<\/div>\n\t\n\t<div id=\"text-3616763486\" class=\"text\">\n\t\t\n<h3 class=\"mb-0 strokovni-stab\">\u017dane BORTEK<\/h3>\n<h4 class=\"strokovni-stab\">PHYSICAL THERAPIST<\/h4>\n\t\t\n<style>\n#text-3616763486 {\n  font-size: 0.75rem;\n}\n@media (min-width:550px) {\n  #text-3616763486 {\n    font-size: 0.8rem;\n  }\n}\n<\/style>\n\t<\/div>\n\t\n\t<div class=\"img has-hover x md-x lg-x y md-y lg-y\" id=\"image_326834284\">\n\t\t\t\t\t\t\t\t<div class=\"img-inner dark\" >\n\t\t\t<img loading=\"lazy\" decoding=\"async\" width=\"872\" height=\"1024\" src=\"https:\/\/nkolimpija24.innnet.de\/wp-content\/uploads\/2022\/02\/silhouette-01.png\" class=\"attachment-large size-large\" alt=\"\" srcset=\"https:\/\/nkolimpija24.innnet.de\/wp-content\/uploads\/2022\/02\/silhouette-01.png 872w, https:\/\/nkolimpija24.innnet.de\/wp-content\/uploads\/2022\/02\/silhouette-01-341x400.png 341w, https:\/\/nkolimpija24.innnet.de\/wp-content\/uploads\/2022\/02\/silhouette-01-768x902.png 768w\" sizes=\"(max-width: 872px) 100vw, 872px\" \/>\t\t\t\t\t\t\n\t\t\t\t\t<\/div>\n\t\t\t\t\t\t\t\t\n<style>\n#image_326834284 {\n  width: 100%;\n}\n<\/style>\n\t<\/div>\n\t\n\t\t<\/div>\n\t\t\t\t\n<style>\n#col-748410312 > .col-inner {\n  padding: 0px 20px 0px 20px;\n}\n@media (min-width:550px) {\n  #col-748410312 > .col-inner {\n    padding: 0px 30px 0px 30px;\n  }\n}\n<\/style>\n\t<\/div>\n\n\t\n\n\t<div id=\"col-951731557\" class=\"col medium-4 small-12 large-4\"  >\n\t\t\t\t<div class=\"col-inner box-shadow-2\"  >\n\t\t\t\n\t\t\t\n\t<div id=\"gap-1507258469\" class=\"gap-element clearfix\" style=\"display:block; height:auto;\">\n\t\t\n<style>\n#gap-1507258469 {\n  padding-top: 30px;\n}\n<\/style>\n\t<\/div>\n\t\n\t<div id=\"text-3058321421\" class=\"text\">\n\t\t\n<h3 class=\"mb-0 strokovni-stab\">Sara LOVREN\u010cI\u010c<\/h3>\n<h4 class=\"strokovni-stab\">PHYSICAL THERAPIST<\/h4>\n\t\t\n<style>\n#text-3058321421 {\n  font-size: 0.75rem;\n}\n@media (min-width:550px) {\n  #text-3058321421 {\n    font-size: 0.8rem;\n  }\n}\n<\/style>\n\t<\/div>\n\t\n\t<div class=\"img has-hover x md-x lg-x y md-y lg-y\" id=\"image_1409578305\">\n\t\t\t\t\t\t\t\t<div class=\"img-inner dark\" >\n\t\t\t<img loading=\"lazy\" decoding=\"async\" width=\"872\" height=\"1024\" src=\"https:\/\/nkolimpija24.innnet.de\/wp-content\/uploads\/2022\/02\/silhouette-01.png\" class=\"attachment-large size-large\" alt=\"\" srcset=\"https:\/\/nkolimpija24.innnet.de\/wp-content\/uploads\/2022\/02\/silhouette-01.png 872w, https:\/\/nkolimpija24.innnet.de\/wp-content\/uploads\/2022\/02\/silhouette-01-341x400.png 341w, https:\/\/nkolimpija24.innnet.de\/wp-content\/uploads\/2022\/02\/silhouette-01-768x902.png 768w\" sizes=\"(max-width: 872px) 100vw, 872px\" \/>\t\t\t\t\t\t\n\t\t\t\t\t<\/div>\n\t\t\t\t\t\t\t\t\n<style>\n#image_1409578305 {\n  width: 100%;\n}\n<\/style>\n\t<\/div>\n\t\n\t\t<\/div>\n\t\t\t\t\n<style>\n#col-951731557 > .col-inner {\n  padding: 0px 20px 0px 20px;\n}\n@media (min-width:550px) {\n  #col-951731557 > .col-inner {\n    padding: 0px 30px 0px 30px;\n  }\n}\n<\/style>\n\t<\/div>\n\n\t\n\n\n\n<\/div>\n\t\t<\/div>\n\t\t\t\t\n<style>\n#col-618410057 > .col-inner {\n  padding: 0px 20px 0px 0px;\n  margin: 0px px 0px 0px;\n}\n<\/style>\n\t<\/div>\n\n\t\n\n<style>\n#row-625950927 > .col > .col-inner {\n  padding: 0px 0px 0px 0px;\n}\n<\/style>\n<\/div>\n\t<div id=\"gap-419670434\" class=\"gap-element clearfix\" style=\"display:block; height:auto;\">\n\t\t\n<style>\n#gap-419670434 {\n  padding-top: 30px;\n}\n<\/style>\n\t<\/div>\n\t\n<\/div>\n<div id=\"tab_players\" class=\"panel entry-content\" role=\"tabpanel\" aria-labelledby=\"tab-players\">\n\t<div id=\"gap-1461594219\" class=\"gap-element clearfix\" style=\"display:block; height:auto;\">\n\t\t\n<style>\n#gap-1461594219 {\n  padding-top: 30px;\n}\n<\/style>\n\t<\/div>\n\t\n<div class=\"row row-collapse\"  id=\"row-1987855368\">\n\n\t<div id=\"col-312557149\" class=\"col small-12 large-12\"  >\n\t\t\t\t<div class=\"col-inner\"  >\n\t\t\t\n\t\t\t\n<div class=\"row\"  id=\"row-1462958551\">\n\n\t<div id=\"col-1749354514\" class=\"col p-0 small-12 large-12\"  >\n\t\t\t\t<div class=\"col-inner\"  >\n\t\t\t\n\t\t\t\n<h3 class=\"podc\">U15<\/h3>\n\t\t<\/div>\n\t\t\t\t\t<\/div>\n\n\t\n<\/div>\n\t<div id=\"text-362353423\" class=\"text\">\n\t\t\n<div class=\"template-container\">\n\n\n    \n\n    <h2 class=\"podc\">Vratarji<\/h2>\n    <div class=\"igralci-kategorija\">\n\n        \n    <\/div>\n\n    \n\n    \n\n    <h2 class=\"mt-3 podc\">Branilci<\/h2>\n    <div class=\"igralci-kategorija\">\n\n        \n    <\/div>\n\n    \n    \n\n    <h2 class=\"mt-3 podc\">Vezisti<\/h2>\n    <div class=\"igralci-kategorija\">\n\n        \n    <\/div>\n\n    \n    \n\n    <h2 class=\"mt-3 podc\">Nspadalci<\/h2>\n    <div class=\"igralci-kategorija\">\n\n        \n    <\/div>\n\n    \n\n<\/div>\n\n\n\n\n<\/div>\n\t\t\n<style>\n#text-362353423 {\n  text-align: center;\n}\n<\/style>\n\t<\/div>\n\t\n\t<div id=\"gap-62586087\" class=\"gap-element clearfix\" style=\"display:block; height:auto;\">\n\t\t\n<style>\n#gap-62586087 {\n  padding-top: 60px;\n}\n<\/style>\n\t<\/div>\n\t\n<div class=\"row\"  id=\"row-996559883\">\n\n\t<div id=\"col-1912845166\" class=\"col p-0 small-12 large-12\"  >\n\t\t\t\t<div class=\"col-inner\"  >\n\t\t\t\n\t\t\t\n<h3 class=\"kontakt podc\">U-15 B<\/h3>\n\t\t<\/div>\n\t\t\t\t\t<\/div>\n\n\t\n<\/div>\n\t<div id=\"text-3823592910\" class=\"text\">\n\t\t\n<div class=\"template-container\">\n\n\n    \n\n    <h2 class=\"podc\">Vrataji<\/h2>\n    <div class=\"igralci-kategorija\">\n\n        \n    <\/div>\n\n    \n\n    \n\n    <h2 class=\"mt-3 podc\">Branilci<\/h2>\n    <div class=\"igralci-kategorija\">\n\n        \n    <\/div>\n\n    \n    \n\n    <h2 class=\"mt-3 podc\">Vezisti<\/h2>\n    <div class=\"igralci-kategorija\">\n\n        \n    <\/div>\n\n    \n    \n\n    <h2 class=\"mt-3 podc\">Napadalci<\/h2>\n    <div class=\"igralci-kategorija\">\n\n        \n    <\/div>\n\n    \n\n<\/div>\n\n\n\n\n<\/div>\n\t\t\n<style>\n#text-3823592910 {\n  text-align: center;\n}\n<\/style>\n\t<\/div>\n\t\n\t\t<\/div>\n\t\t\t\t\n<style>\n#col-312557149 > .col-inner {\n  padding: 0px 10px 0px 10px;\n}\n<\/style>\n\t<\/div>\n\n\t\n<\/div>\n<\/div><\/div><\/div>\n\t\t<\/div>\n\t\t\t\t\t<\/div>\n\n\t\n<\/div>\n\t<div id=\"gap-1904264437\" class=\"gap-element clearfix\" style=\"display:block; height:auto;\">\n\t\t\n<style>\n#gap-1904264437 {\n  padding-top: 30px;\n}\n<\/style>\n\t<\/div>\n\t\n\t<div id=\"gap-1599154540\" class=\"gap-element clearfix\" style=\"display:block; height:auto;\">\n\t\t\n<style>\n#gap-1599154540 {\n  padding-top: 40px;\n}\n<\/style>\n\t<\/div>\n\t\n<p>&nbsp;<\/p>\n","protected":false},"excerpt":{"rendered":"<p>&nbsp;<\/p>\n","protected":false},"author":63,"featured_media":0,"parent":21917,"menu_order":0,"comment_status":"closed","ping_status":"closed","template":"page-blank.php","meta":{"_acf_changed":false,"footnotes":""},"acf":[],"yoast_head":"<!-- This site is optimized with the Yoast SEO plugin v22.3 - https:\/\/yoast.com\/wordpress\/plugins\/seo\/ -->\n<title>U15 - NK Olimpija Ljubljana<\/title>\n<meta name=\"description\" content=\"The U9 FC Olimpija Ljubljana team participates in the highest level of competition for their age group under the leadership of their coach Jaka Kajtazovi\u0107.\" \/>\n<meta name=\"robots\" content=\"index, follow, max-snippet:-1, max-image-preview:large, max-video-preview:-1\" \/>\n<link rel=\"canonical\" href=\"https:\/\/nkolimpija24.innnet.de\/zmajcki\/u15\/\" \/>\n<script type=\"application\/ld+json\" class=\"yoast-schema-graph\">{\"@context\":\"https:\/\/schema.org\",\"@graph\":[{\"@type\":\"WebPage\",\"@id\":\"https:\/\/nkolimpija24.innnet.de\/zmajcki\/u15\/\",\"url\":\"https:\/\/nkolimpija24.innnet.de\/zmajcki\/u15\/\",\"name\":\"U15 - NK Olimpija Ljubljana\",\"isPartOf\":{\"@id\":\"https:\/\/nkolimpija24.innnet.de\/#website\"},\"datePublished\":\"2022-02-03T06:21:02+00:00\",\"dateModified\":\"2023-10-30T14:01:46+00:00\",\"description\":\"The U9 FC Olimpija Ljubljana team participates in the highest level of competition for their age group under the leadership of their coach Jaka Kajtazovi\u0107.\",\"breadcrumb\":{\"@id\":\"https:\/\/nkolimpija24.innnet.de\/zmajcki\/u15\/#breadcrumb\"},\"inLanguage\":\"en-US\",\"potentialAction\":[{\"@type\":\"ReadAction\",\"target\":[\"https:\/\/nkolimpija24.innnet.de\/zmajcki\/u15\/\"]}]},{\"@type\":\"BreadcrumbList\",\"@id\":\"https:\/\/nkolimpija24.innnet.de\/zmajcki\/u15\/#breadcrumb\",\"itemListElement\":[{\"@type\":\"ListItem\",\"position\":1,\"name\":\"Home\",\"item\":\"https:\/\/nkolimpija24.innnet.de\/en\/\"},{\"@type\":\"ListItem\",\"position\":2,\"name\":\"Dragons\",\"item\":\"https:\/\/nkolimpija24.innnet.de\/zmajcki\/\"},{\"@type\":\"ListItem\",\"position\":3,\"name\":\"U15\"}]},{\"@type\":\"WebSite\",\"@id\":\"https:\/\/nkolimpija24.innnet.de\/#website\",\"url\":\"https:\/\/nkolimpija24.innnet.de\/\",\"name\":\"NK Olimpija Ljubljana\",\"description\":\"Eno \u017eivljenje - ena ljubezen\",\"potentialAction\":[{\"@type\":\"SearchAction\",\"target\":{\"@type\":\"EntryPoint\",\"urlTemplate\":\"https:\/\/nkolimpija24.innnet.de\/?s={search_term_string}\"},\"query-input\":\"required name=search_term_string\"}],\"inLanguage\":\"en-US\"}]}<\/script>\n<!-- \/ Yoast SEO plugin. -->","yoast_head_json":{"title":"U15 - NK Olimpija Ljubljana","description":"The U9 FC Olimpija Ljubljana team participates in the highest level of competition for their age group under the leadership of their coach Jaka Kajtazovi\u0107.","robots":{"index":"index","follow":"follow","max-snippet":"max-snippet:-1","max-image-preview":"max-image-preview:large","max-video-preview":"max-video-preview:-1"},"canonical":"https:\/\/nkolimpija24.innnet.de\/zmajcki\/u15\/","schema":{"@context":"https:\/\/schema.org","@graph":[{"@type":"WebPage","@id":"https:\/\/nkolimpija24.innnet.de\/zmajcki\/u15\/","url":"https:\/\/nkolimpija24.innnet.de\/zmajcki\/u15\/","name":"U15 - NK Olimpija Ljubljana","isPartOf":{"@id":"https:\/\/nkolimpija24.innnet.de\/#website"},"datePublished":"2022-02-03T06:21:02+00:00","dateModified":"2023-10-30T14:01:46+00:00","description":"The U9 FC Olimpija Ljubljana team participates in the highest level of competition for their age group under the leadership of their coach Jaka Kajtazovi\u0107.","breadcrumb":{"@id":"https:\/\/nkolimpija24.innnet.de\/zmajcki\/u15\/#breadcrumb"},"inLanguage":"en-US","potentialAction":[{"@type":"ReadAction","target":["https:\/\/nkolimpija24.innnet.de\/zmajcki\/u15\/"]}]},{"@type":"BreadcrumbList","@id":"https:\/\/nkolimpija24.innnet.de\/zmajcki\/u15\/#breadcrumb","itemListElement":[{"@type":"ListItem","position":1,"name":"Home","item":"https:\/\/nkolimpija24.innnet.de\/en\/"},{"@type":"ListItem","position":2,"name":"Dragons","item":"https:\/\/nkolimpija24.innnet.de\/zmajcki\/"},{"@type":"ListItem","position":3,"name":"U15"}]},{"@type":"WebSite","@id":"https:\/\/nkolimpija24.innnet.de\/#website","url":"https:\/\/nkolimpija24.innnet.de\/","name":"NK Olimpija Ljubljana","description":"Eno \u017eivljenje - ena ljubezen","potentialAction":[{"@type":"SearchAction","target":{"@type":"EntryPoint","urlTemplate":"https:\/\/nkolimpija24.innnet.de\/?s={search_term_string}"},"query-input":"required name=search_term_string"}],"inLanguage":"en-US"}]}},"_links":{"self":[{"href":"https:\/\/nkolimpija24.innnet.de\/en\/wp-json\/wp\/v2\/pages\/22024"}],"collection":[{"href":"https:\/\/nkolimpija24.innnet.de\/en\/wp-json\/wp\/v2\/pages"}],"about":[{"href":"https:\/\/nkolimpija24.innnet.de\/en\/wp-json\/wp\/v2\/types\/page"}],"author":[{"embeddable":true,"href":"https:\/\/nkolimpija24.innnet.de\/en\/wp-json\/wp\/v2\/users\/63"}],"replies":[{"embeddable":true,"href":"https:\/\/nkolimpija24.innnet.de\/en\/wp-json\/wp\/v2\/comments?post=22024"}],"version-history":[{"count":11,"href":"https:\/\/nkolimpija24.innnet.de\/en\/wp-json\/wp\/v2\/pages\/22024\/revisions"}],"predecessor-version":[{"id":25443,"href":"https:\/\/nkolimpija24.innnet.de\/en\/wp-json\/wp\/v2\/pages\/22024\/revisions\/25443"}],"up":[{"embeddable":true,"href":"https:\/\/nkolimpija24.innnet.de\/en\/wp-json\/wp\/v2\/pages\/21917"}],"wp:attachment":[{"href":"https:\/\/nkolimpija24.innnet.de\/en\/wp-json\/wp\/v2\/media?parent=22024"}],"curies":[{"name":"wp","href":"https:\/\/api.w.org\/{rel}","templated":true}]}}