{"id":22031,"date":"2022-02-03T10:37:59","date_gmt":"2022-02-03T09:37:59","guid":{"rendered":"https:\/\/nkolimpija.innnet.de\/dragons\/u12\/"},"modified":"2023-10-30T15:04:47","modified_gmt":"2023-10-30T14:04:47","slug":"u12","status":"publish","type":"page","link":"https:\/\/nkolimpija24.innnet.de\/en\/dragons\/u12\/","title":{"rendered":"U12"},"content":{"rendered":"\t<section class=\"section splosno-section\" id=\"section_2092426103\">\n\t\t<div class=\"bg section-bg fill bg-fill  \" >\n\n\t\t\t\n\t\t\t<div class=\"section-bg-overlay absolute fill\"><\/div>\n\t\t\t\n\n\t\t<\/div>\n\n\t\t\n\n\t\t<div class=\"section-content relative\">\n\t\t\t\n<div class=\"row row-collapse row-full-width\"  id=\"row-1691402006\">\n\n\t<div id=\"col-647614222\" class=\"col naslov-col small-12 large-12\"  >\n\t\t\t\t<div class=\"col-inner\"  >\n\t\t\t\n\t\t\t\n<h1>U12<\/h1>\n\t\t<\/div>\n\t\t\t\t\t<\/div>\n\n\t\n\n\t<div id=\"col-1706644983\" class=\"col meni-col small-12 large-12\"  >\n\t\t\t\t<div class=\"col-inner\"  >\n\t\t\t\n\t\t\t\n\t\t<\/div>\n\t\t\t\t\t<\/div>\n\n\t\n<\/div>\n\t\t<\/div>\n\n\t\t\n<style>\n#section_2092426103 {\n  padding-top: 0px;\n  padding-bottom: 0px;\n}\n#section_2092426103 .section-bg-overlay {\n  background-color: rgba(0,0,0,.5);\n}\n#section_2092426103 .section-bg.bg-loaded {\n  background-image: url(https:\/\/nkolimpija24.innnet.de\/wp-content\/uploads\/2021\/09\/logo_na_beli.png);\n}\n<\/style>\n\t<\/section>\n\t\n\n<div class=\"row\"  id=\"row-2101881793\">\n\n\t<div id=\"col-1586140850\" class=\"col pm small-12 large-12\"  >\n\t\t\t\t<div class=\"col-inner\"  >\n\t\t\t\n\t\t\t\n\n\t\t<div class=\"tabbed-content olimpija-tab\">\n\t\t\t\n\t\t\t<ul class=\"nav nav-simple nav-uppercase nav-size-normal nav-left\" role=\"tablist\"><li id=\"tab-news\" class=\"tab active has-icon\" role=\"presentation\"><a href=\"#tab_news\" role=\"tab\" aria-selected=\"true\" aria-controls=\"tab_news\"><span>NEWS<\/span><\/a><\/li>\n<li id=\"tab-expert-staff\" class=\"tab has-icon\" role=\"presentation\"><a href=\"#tab_expert-staff\" tabindex=\"-1\" role=\"tab\" aria-selected=\"false\" aria-controls=\"tab_expert-staff\"><span>EXPERT STAFF<\/span><\/a><\/li>\n<li id=\"tab-players\" class=\"tab has-icon\" role=\"presentation\"><a href=\"#tab_players\" tabindex=\"-1\" role=\"tab\" aria-selected=\"false\" aria-controls=\"tab_players\"><span>PLAYERS<\/span><\/a><\/li><\/ul><div class=\"tab-panels\"><div id=\"tab_news\" class=\"panel active entry-content\" role=\"tabpanel\" aria-labelledby=\"tab-news\">\n\t<div id=\"gap-1746632413\" class=\"gap-element clearfix\" style=\"display:block; height:auto;\">\n\t\t\n<style>\n#gap-1746632413 {\n  padding-top: 60px;\n}\n<\/style>\n\t<\/div>\n\t\n<div class=\"blog\">\n                <div class=\"category-tag-custom-archive\"><a href=\"\">Dragons<\/a><\/div>  \n                <a href=\"https:\/\/nkolimpija24.innnet.de\/en\/2023\/04\/10\/zmajcki-v-turciji-boljsi-od-juventusa\/\">\n                    <div class=\"last-post-archive\">\n                        <div class=\"img-last-post\"><img loading=\"lazy\" decoding=\"async\" width=\"1600\" height=\"811\" src=\"https:\/\/nkolimpija24.innnet.de\/wp-content\/uploads\/2023\/04\/NK-Olimpija-NK-Sezana-Tabor.jpg\" class=\"attachment-post-thumbnail size-post-thumbnail wp-post-image\" alt=\"\" srcset=\"https:\/\/nkolimpija24.innnet.de\/wp-content\/uploads\/2023\/04\/NK-Olimpija-NK-Sezana-Tabor.jpg 1600w, https:\/\/nkolimpija24.innnet.de\/wp-content\/uploads\/2023\/04\/NK-Olimpija-NK-Sezana-Tabor-789x400.jpg 789w, https:\/\/nkolimpija24.innnet.de\/wp-content\/uploads\/2023\/04\/NK-Olimpija-NK-Sezana-Tabor-768x389.jpg 768w, https:\/\/nkolimpija24.innnet.de\/wp-content\/uploads\/2023\/04\/NK-Olimpija-NK-Sezana-Tabor-1536x779.jpg 1536w, https:\/\/nkolimpija24.innnet.de\/wp-content\/uploads\/2023\/04\/NK-Olimpija-NK-Sezana-Tabor-1320x669.jpg 1320w, https:\/\/nkolimpija24.innnet.de\/wp-content\/uploads\/2023\/04\/NK-Olimpija-NK-Sezana-Tabor-600x304.jpg 600w\" sizes=\"(max-width: 1600px) 100vw, 1600px\" \/><\/div>\n                        <div class=\"content-last-post\">\n                            <div class=\"cat-date archive-page-custom\">\n                                <span class=\"no-padding\">Monday, 10. 04. 2023<\/span>\n                            <\/div>\n                            <h2 class=\"last-post-title\">Dragons beat Juventus in Turkey<\/h2>\n                            <p>The U12 team attended an international tournament in Izmir, Turkey, which was held between 7 and 9 April. Dragons attended the most challenging tournament in Europe for their age group!&hellip;<\/p>\n                        <\/div>\n                    <\/div>\n                <\/a>\n                <\/div><div class=\"cont-posts3-cole\"><\/div>\n<div class=\"row\"  id=\"row-444283124\">\n\n\t<div id=\"col-164189533\" class=\"col small-12 large-12\"  >\n\t\t\t\t<div class=\"col-inner text-center\"  >\n\t\t\t\n\t\t\t\n<a href=\"http:\/\/www.nkolimpija.si\/oznaka\/u12\/\" class=\"button primary gumb-novice\"  >\n    <span>SEE MORE NEWS<\/span>\n  <\/a>\n\n\t\t<\/div>\n\t\t\t\t\t<\/div>\n\n\t\n<\/div>\n<\/div>\n<div id=\"tab_expert-staff\" class=\"panel entry-content\" role=\"tabpanel\" aria-labelledby=\"tab-expert-staff\">\n<div class=\"row align-equal\"  id=\"row-1458549100\">\n\n\t<div id=\"col-1310000459\" class=\"col small-12 large-12\"  >\n\t\t\t\t<div class=\"col-inner\"  >\n\t\t\t\n\t\t\t\n\t<div id=\"gap-1827049240\" class=\"gap-element clearfix\" style=\"display:block; height:auto;\">\n\t\t\n<style>\n#gap-1827049240 {\n  padding-top: 30px;\n}\n<\/style>\n\t<\/div>\n\t\n<div class=\"row row-collapse align-equal\"  id=\"row-407770627\">\n\n\t<div id=\"col-1416349700\" class=\"col small-12 large-12\"  >\n\t\t\t\t<div class=\"col-inner box-shadow-2\"  >\n\t\t\t\n\t\t\t\n<div class=\"row align-middle\"  id=\"row-45642947\">\n\n\t<div id=\"col-397448240\" class=\"col p-0 medium-12 small-12 large-6\"  >\n\t\t\t\t<div class=\"col-inner\"  >\n\t\t\t\n\t\t\t\n\t<div class=\"img has-hover x md-x lg-x y md-y lg-y\" id=\"image_517157035\">\n\t\t\t\t\t\t\t\t<div class=\"img-inner dark\" >\n\t\t\t<img loading=\"lazy\" decoding=\"async\" width=\"1020\" height=\"361\" src=\"https:\/\/nkolimpija24.innnet.de\/wp-content\/uploads\/2021\/12\/zakljucek_prvega_dela_sezone.png\" class=\"attachment-large size-large\" alt=\"\" srcset=\"https:\/\/nkolimpija24.innnet.de\/wp-content\/uploads\/2021\/12\/zakljucek_prvega_dela_sezone.png 1920w, https:\/\/nkolimpija24.innnet.de\/wp-content\/uploads\/2021\/12\/zakljucek_prvega_dela_sezone-800x283.png 800w, https:\/\/nkolimpija24.innnet.de\/wp-content\/uploads\/2021\/12\/zakljucek_prvega_dela_sezone-768x272.png 768w, https:\/\/nkolimpija24.innnet.de\/wp-content\/uploads\/2021\/12\/zakljucek_prvega_dela_sezone-1536x544.png 1536w\" sizes=\"(max-width: 1020px) 100vw, 1020px\" \/>\t\t\t\t\t\t\n\t\t\t\t\t<\/div>\n\t\t\t\t\t\t\t\t\n<style>\n#image_517157035 {\n  width: 100%;\n}\n<\/style>\n\t<\/div>\n\t\n\t\t<\/div>\n\t\t\t\t\n<style>\n#col-397448240 > .col-inner {\n  padding: 0px 0px 0px 0px;\n}\n<\/style>\n\t<\/div>\n\n\t\n\n\t<div id=\"col-1367475989\" class=\"col medium-12 small-12 large-6\"  >\n\t\t\t\t<div class=\"col-inner\"  >\n\t\t\t\n\t\t\t\n<h3 class=\"mb-0 strokovni-stab\">ADMIR KRUPI\u0106<\/h3>\n<h4 class=\"strokovni-stab\">HEAD COACH<\/h4>\n\t\t<\/div>\n\t\t\t\t\n<style>\n#col-1367475989 > .col-inner {\n  padding: 30px 20px 0px 20px;\n}\n@media (min-width:550px) {\n  #col-1367475989 > .col-inner {\n    padding: 40px 40px 0px 40px;\n  }\n}\n@media (min-width:850px) {\n  #col-1367475989 > .col-inner {\n    padding: 0px 19px 0px 60px;\n  }\n}\n<\/style>\n\t<\/div>\n\n\t\n<\/div>\n\t\t<\/div>\n\t\t\t\t\n<style>\n#col-1416349700 > .col-inner {\n  padding: 0px 0px 0px 0px;\n}\n<\/style>\n\t<\/div>\n\n\t\n\n<style>\n#row-407770627 > .col > .col-inner {\n  padding: 0px 0px 0px 0px;\n  background-color: rgb(255, 255, 255);\n}\n<\/style>\n<\/div>\n\t\t<\/div>\n\t\t\t\t\n<style>\n#col-1310000459 > .col-inner {\n  padding: 0 40px 0px 40px;\n}\n@media (min-width:850px) {\n  #col-1310000459 > .col-inner {\n    padding: px 0px 0px 0px;\n  }\n}\n<\/style>\n\t<\/div>\n\n\t\n\n<style>\n#row-1458549100 > .col > .col-inner {\n  padding: 0px 0px 0px 0px;\n}\n<\/style>\n<\/div>\n<div class=\"row align-equal\"  id=\"row-508746763\">\n\n\t<div id=\"col-1179422092\" class=\"col small-12 large-12\"  >\n\t\t\t\t<div class=\"col-inner\"  >\n\t\t\t\n\t\t\t\n<div class=\"row row-box-shadow-2\"  id=\"row-20809173\">\n\n\t<div id=\"col-281255295\" class=\"col medium-6 small-12 large-4\"  >\n\t\t\t\t<div class=\"col-inner box-shadow-2\"  >\n\t\t\t\n\t\t\t\n\t<div id=\"gap-1116292567\" class=\"gap-element clearfix\" style=\"display:block; height:auto;\">\n\t\t\n<style>\n#gap-1116292567 {\n  padding-top: 30px;\n}\n<\/style>\n\t<\/div>\n\t\n\t<div id=\"text-406757525\" class=\"text\">\n\t\t\n<h3 class=\"mb-0 strokovni-stab\">Albert LAZICANI<\/h3>\n<h4 class=\"strokovni-stab\">ASSISTANT COACH<\/h4>\n\t\t\n<style>\n#text-406757525 {\n  font-size: 0.75rem;\n}\n@media (min-width:550px) {\n  #text-406757525 {\n    font-size: 0.8rem;\n  }\n}\n<\/style>\n\t<\/div>\n\t\n\t<div class=\"img has-hover x md-x lg-x y md-y lg-y\" id=\"image_1272813250\">\n\t\t\t\t\t\t\t\t<div class=\"img-inner dark\" >\n\t\t\t<img loading=\"lazy\" decoding=\"async\" width=\"872\" height=\"1024\" src=\"https:\/\/nkolimpija24.innnet.de\/wp-content\/uploads\/2022\/02\/silhouette-01.png\" class=\"attachment-large size-large\" alt=\"\" srcset=\"https:\/\/nkolimpija24.innnet.de\/wp-content\/uploads\/2022\/02\/silhouette-01.png 872w, https:\/\/nkolimpija24.innnet.de\/wp-content\/uploads\/2022\/02\/silhouette-01-341x400.png 341w, https:\/\/nkolimpija24.innnet.de\/wp-content\/uploads\/2022\/02\/silhouette-01-768x902.png 768w\" sizes=\"(max-width: 872px) 100vw, 872px\" \/>\t\t\t\t\t\t\n\t\t\t\t\t<\/div>\n\t\t\t\t\t\t\t\t\n<style>\n#image_1272813250 {\n  width: 100%;\n}\n<\/style>\n\t<\/div>\n\t\n\t\t<\/div>\n\t\t\t\t\n<style>\n#col-281255295 > .col-inner {\n  padding: 0px 20px 0px 20px;\n}\n@media (min-width:550px) {\n  #col-281255295 > .col-inner {\n    padding: 0px 30px 0px 30px;\n  }\n}\n<\/style>\n\t<\/div>\n\n\t\n\n\t<div id=\"col-502926717\" class=\"col medium-6 small-12 large-4\"  >\n\t\t\t\t<div class=\"col-inner box-shadow-2\"  >\n\t\t\t\n\t\t\t\n\t<div id=\"gap-1640052944\" class=\"gap-element clearfix\" style=\"display:block; height:auto;\">\n\t\t\n<style>\n#gap-1640052944 {\n  padding-top: 30px;\n}\n<\/style>\n\t<\/div>\n\t\n\t<div id=\"text-2215324120\" class=\"text\">\n\t\t\n<h3 class=\"mb-0 strokovni-stab\">Klemen AVBELJ <\/h3>\n<h4 class=\"strokovni-stab\">COORDINATOR<\/h4>\n\t\t\n<style>\n#text-2215324120 {\n  font-size: 0.75rem;\n}\n@media (min-width:550px) {\n  #text-2215324120 {\n    font-size: 0.8rem;\n  }\n}\n<\/style>\n\t<\/div>\n\t\n\t<div class=\"img has-hover x md-x lg-x y md-y lg-y\" id=\"image_729089915\">\n\t\t\t\t\t\t\t\t<div class=\"img-inner dark\" >\n\t\t\t<img loading=\"lazy\" decoding=\"async\" width=\"872\" height=\"1024\" src=\"https:\/\/nkolimpija24.innnet.de\/wp-content\/uploads\/2022\/02\/silhouette-01.png\" class=\"attachment-large size-large\" alt=\"\" srcset=\"https:\/\/nkolimpija24.innnet.de\/wp-content\/uploads\/2022\/02\/silhouette-01.png 872w, https:\/\/nkolimpija24.innnet.de\/wp-content\/uploads\/2022\/02\/silhouette-01-341x400.png 341w, https:\/\/nkolimpija24.innnet.de\/wp-content\/uploads\/2022\/02\/silhouette-01-768x902.png 768w\" sizes=\"(max-width: 872px) 100vw, 872px\" \/>\t\t\t\t\t\t\n\t\t\t\t\t<\/div>\n\t\t\t\t\t\t\t\t\n<style>\n#image_729089915 {\n  width: 100%;\n}\n<\/style>\n\t<\/div>\n\t\n\t\t<\/div>\n\t\t\t\t\n<style>\n#col-502926717 > .col-inner {\n  padding: 0px 20px 0px 20px;\n}\n@media (min-width:550px) {\n  #col-502926717 > .col-inner {\n    padding: 0px 30px 0px 30px;\n  }\n}\n<\/style>\n\t<\/div>\n\n\t\n\n\t<div id=\"col-1055015606\" class=\"col medium-6 small-12 large-4\"  >\n\t\t\t\t<div class=\"col-inner box-shadow-2\"  >\n\t\t\t\n\t\t\t\n\t<div id=\"gap-1404238467\" class=\"gap-element clearfix\" style=\"display:block; height:auto;\">\n\t\t\n<style>\n#gap-1404238467 {\n  padding-top: 30px;\n}\n<\/style>\n\t<\/div>\n\t\n\t<div id=\"text-3713094608\" class=\"text\">\n\t\t\n<h3 class=\"mb-0 strokovni-stab\">\u017dane BORTEK<\/h3>\n<h4 class=\"strokovni-stab\">PHYSICAL THERAPIST<\/h4>\n\t\t\n<style>\n#text-3713094608 {\n  font-size: 0.75rem;\n}\n@media (min-width:550px) {\n  #text-3713094608 {\n    font-size: 0.8rem;\n  }\n}\n<\/style>\n\t<\/div>\n\t\n\t<div class=\"img has-hover x md-x lg-x y md-y lg-y\" id=\"image_585676405\">\n\t\t\t\t\t\t\t\t<div class=\"img-inner dark\" >\n\t\t\t<img loading=\"lazy\" decoding=\"async\" width=\"872\" height=\"1024\" src=\"https:\/\/nkolimpija24.innnet.de\/wp-content\/uploads\/2022\/02\/silhouette-01.png\" class=\"attachment-large size-large\" alt=\"\" srcset=\"https:\/\/nkolimpija24.innnet.de\/wp-content\/uploads\/2022\/02\/silhouette-01.png 872w, https:\/\/nkolimpija24.innnet.de\/wp-content\/uploads\/2022\/02\/silhouette-01-341x400.png 341w, https:\/\/nkolimpija24.innnet.de\/wp-content\/uploads\/2022\/02\/silhouette-01-768x902.png 768w\" sizes=\"(max-width: 872px) 100vw, 872px\" \/>\t\t\t\t\t\t\n\t\t\t\t\t<\/div>\n\t\t\t\t\t\t\t\t\n<style>\n#image_585676405 {\n  width: 100%;\n}\n<\/style>\n\t<\/div>\n\t\n\t\t<\/div>\n\t\t\t\t\n<style>\n#col-1055015606 > .col-inner {\n  padding: 0px 20px 0px 20px;\n}\n@media (min-width:550px) {\n  #col-1055015606 > .col-inner {\n    padding: 0px 30px 0px 30px;\n  }\n}\n<\/style>\n\t<\/div>\n\n\t\n\n\t<div id=\"col-496779034\" class=\"col medium-6 small-12 large-4\"  >\n\t\t\t\t<div class=\"col-inner box-shadow-2\"  >\n\t\t\t\n\t\t\t\n\t<div id=\"gap-1098569618\" class=\"gap-element clearfix\" style=\"display:block; height:auto;\">\n\t\t\n<style>\n#gap-1098569618 {\n  padding-top: 30px;\n}\n<\/style>\n\t<\/div>\n\t\n\t<div id=\"text-2548575147\" class=\"text\">\n\t\t\n<h3 class=\"mb-0 strokovni-stab\">Sara LOVREN\u010cI\u010c<\/h3>\n<h4 class=\"strokovni-stab\">PHYSICAL THERAPIST<\/h4>\n\t\t\n<style>\n#text-2548575147 {\n  font-size: 0.75rem;\n}\n@media (min-width:550px) {\n  #text-2548575147 {\n    font-size: 0.8rem;\n  }\n}\n<\/style>\n\t<\/div>\n\t\n\t<div class=\"img has-hover x md-x lg-x y md-y lg-y\" id=\"image_1520077448\">\n\t\t\t\t\t\t\t\t<div class=\"img-inner dark\" >\n\t\t\t<img loading=\"lazy\" decoding=\"async\" width=\"872\" height=\"1024\" src=\"https:\/\/nkolimpija24.innnet.de\/wp-content\/uploads\/2022\/02\/silhouette-01.png\" class=\"attachment-large size-large\" alt=\"\" srcset=\"https:\/\/nkolimpija24.innnet.de\/wp-content\/uploads\/2022\/02\/silhouette-01.png 872w, https:\/\/nkolimpija24.innnet.de\/wp-content\/uploads\/2022\/02\/silhouette-01-341x400.png 341w, https:\/\/nkolimpija24.innnet.de\/wp-content\/uploads\/2022\/02\/silhouette-01-768x902.png 768w\" sizes=\"(max-width: 872px) 100vw, 872px\" \/>\t\t\t\t\t\t\n\t\t\t\t\t<\/div>\n\t\t\t\t\t\t\t\t\n<style>\n#image_1520077448 {\n  width: 100%;\n}\n<\/style>\n\t<\/div>\n\t\n\t\t<\/div>\n\t\t\t\t\n<style>\n#col-496779034 > .col-inner {\n  padding: 0px 20px 0px 20px;\n}\n@media (min-width:550px) {\n  #col-496779034 > .col-inner {\n    padding: 0px 30px 0px 30px;\n  }\n}\n<\/style>\n\t<\/div>\n\n\t\n\n\n\n<\/div>\n\t\t<\/div>\n\t\t\t\t\n<style>\n#col-1179422092 > .col-inner {\n  padding: 0px 20px 0px 0px;\n  margin: 0px px 0px 0px;\n}\n<\/style>\n\t<\/div>\n\n\t\n\n<style>\n#row-508746763 > .col > .col-inner {\n  padding: 0px 0px 0px 0px;\n}\n<\/style>\n<\/div>\n\t<div id=\"gap-1339059139\" class=\"gap-element clearfix\" style=\"display:block; height:auto;\">\n\t\t\n<style>\n#gap-1339059139 {\n  padding-top: 30px;\n}\n<\/style>\n\t<\/div>\n\t\n<\/div>\n<div id=\"tab_players\" class=\"panel entry-content\" role=\"tabpanel\" aria-labelledby=\"tab-players\">\n\t<div id=\"gap-1118432598\" class=\"gap-element clearfix\" style=\"display:block; height:auto;\">\n\t\t\n<style>\n#gap-1118432598 {\n  padding-top: 30px;\n}\n<\/style>\n\t<\/div>\n\t\n<div class=\"row row-collapse\"  id=\"row-1529635040\">\n\n\t<div id=\"col-358296804\" class=\"col small-12 large-12\"  >\n\t\t\t\t<div class=\"col-inner\"  >\n\t\t\t\n\t\t\t\n\t<div id=\"text-3001471780\" class=\"text\">\n\t\t\n<table class=\"tabela-nastopi3c\">\n<thead>\n<tr>\n<th>PLAYER<\/th>\n<th>BIRTH DATE<\/th>\n<th><\/th>\n<\/tr>\n<\/thead>\n<tbody>\n<tr>\n<td>\u017diga \u0160u\u0161tar\u0161i\u010d Kalin<\/td>\n<td>2010<\/td>\n<td><\/td>\n<\/tr>\n<tr>\n<td>Natan Zagorc<\/td>\n<td>2010<\/td>\n<td><\/td>\n<\/tr>\n<tr>\n<td>Patrik Jeran<\/td>\n<td>2010<\/td>\n<td><\/td>\n<\/tr>\n<tr>\n<td>Rok Klep<\/td>\n<td>2010<\/td>\n<td><\/td>\n<\/tr>\n<tr>\n<td>Elhan Babi\u0107<\/td>\n<td>2010<\/td>\n<td><\/td>\n<\/tr>\n<tr>\n<td>Alvin Kolenovi\u0107<\/td>\n<td>2010<\/td>\n<td><\/td>\n<\/tr>\n<tr>\n<td>Aleksa Dimitri\u0107<\/td>\n<td>2010<\/td>\n<td><\/td>\n<\/tr>\n<tr>\n<td>Nal Pegan<\/td>\n<td>2010<\/td>\n<td><\/td>\n<\/tr>\n<tr>\n<td>Luka Ho\u010devar<\/td>\n<td>2010<\/td>\n<td><\/td>\n<\/tr>\n<tr>\n<td>Bor Bokav\u0161ek<\/td>\n<td>2010<\/td>\n<td><\/td>\n<\/tr>\n<tr>\n<td>Nikola Ili\u0107<\/td>\n<td>2010<\/td>\n<td><\/td>\n<\/tr>\n<tr>\n<td>Anin Aksali\u010d<\/td>\n<td>2010<\/td>\n<td><\/td>\n<\/tr>\n<tr>\n<td>Benjamin Reki\u0107<\/td>\n<td>2010<\/td>\n<td><\/td>\n<\/tr>\n<tr>\n<td>Luka Ignjati\u0107-Pov\u0161e<\/td>\n<td>2010<\/td>\n<td><\/td>\n<\/tr>\n<tr>\n<td>Din Smajlovi\u010d<\/td>\n<td>2010<\/td>\n<td><\/td>\n<\/tr>\n<tr>\n<td>Mark Simiki\u0107<\/td>\n<td>2010<\/td>\n<td><\/td>\n<\/tr>\n<tr>\n<td>Aleks Bole Kova\u010d<\/td>\n<td>2010<\/td>\n<td><\/td>\n<\/tr>\n<tr>\n<td>Maks Mi\u0161velj<\/td>\n<td>2010<\/td>\n<td><\/td>\n<\/tr>\n<tr>\n<td>Alex Pavlini\u0107<\/td>\n<td>2010<\/td>\n<td><\/td>\n<\/tr>\n<tr>\n<td>Svit Delak<\/td>\n<td>2010<\/td>\n<td><\/td>\n<\/tr>\n<tr>\n<td>Tai Mrak<\/td>\n<td>2010<\/td>\n<td><\/td>\n<\/tr>\n<tr>\n<td>Stefan Kuni\u0107<\/td>\n<td>2010<\/td>\n<td><\/td>\n<\/tr>\n<tr>\n<td>Neo Obreza<\/td>\n<td>2010<\/td>\n<td><\/td>\n<\/tr>\n<tr>\n<td>Evan Dolinar<\/td>\n<td>2010<\/td>\n<td><\/td>\n<\/tr>\n<tr>\n<td>Anan Nuhanovi\u0107<\/td>\n<td>2010<\/td>\n<td><\/td>\n<\/tr>\n<\/tbody>\n<\/table>\n\t\t\n<style>\n#text-3001471780 {\n  text-align: center;\n}\n<\/style>\n\t<\/div>\n\t\n\t\t<\/div>\n\t\t\t\t\n<style>\n#col-358296804 > .col-inner {\n  padding: 0px 10px 0px 10px;\n}\n<\/style>\n\t<\/div>\n\n\t\n<\/div>\n<\/div><\/div><\/div>\n\t\t<\/div>\n\t\t\t\t\t<\/div>\n\n\t\n<\/div>\n\t<div id=\"gap-2075590511\" class=\"gap-element clearfix\" style=\"display:block; height:auto;\">\n\t\t\n<style>\n#gap-2075590511 {\n  padding-top: 0px;\n}\n@media (min-width:550px) {\n  #gap-2075590511 {\n    padding-top: 30px;\n  }\n}\n<\/style>\n\t<\/div>\n\t\n\t<div id=\"gap-109559269\" class=\"gap-element clearfix\" style=\"display:block; height:auto;\">\n\t\t\n<style>\n#gap-109559269 {\n  padding-top: 0px;\n}\n@media (min-width:550px) {\n  #gap-109559269 {\n    padding-top: 40px;\n  }\n}\n<\/style>\n\t<\/div>\n\t\n","protected":false},"excerpt":{"rendered":"","protected":false},"author":63,"featured_media":0,"parent":21917,"menu_order":0,"comment_status":"closed","ping_status":"closed","template":"page-blank.php","meta":{"_acf_changed":false,"footnotes":""},"acf":[],"yoast_head":"<!-- This site is optimized with the Yoast SEO plugin v22.3 - https:\/\/yoast.com\/wordpress\/plugins\/seo\/ -->\n<title>U12 - NK Olimpija Ljubljana<\/title>\n<meta name=\"description\" content=\"The U12 FC Olimpija Ljubljana team participates in the highest level of competition for their age group under the leadership of their coach Sa\u0161o Avbelj.\" \/>\n<meta name=\"robots\" content=\"index, follow, max-snippet:-1, max-image-preview:large, max-video-preview:-1\" \/>\n<link rel=\"canonical\" href=\"https:\/\/nkolimpija24.innnet.de\/zmajcki\/u12\/\" \/>\n<script type=\"application\/ld+json\" class=\"yoast-schema-graph\">{\"@context\":\"https:\/\/schema.org\",\"@graph\":[{\"@type\":\"WebPage\",\"@id\":\"https:\/\/nkolimpija24.innnet.de\/zmajcki\/u12\/\",\"url\":\"https:\/\/nkolimpija24.innnet.de\/zmajcki\/u12\/\",\"name\":\"U12 - NK Olimpija Ljubljana\",\"isPartOf\":{\"@id\":\"https:\/\/nkolimpija24.innnet.de\/#website\"},\"datePublished\":\"2022-02-03T09:37:59+00:00\",\"dateModified\":\"2023-10-30T14:04:47+00:00\",\"description\":\"The U12 FC Olimpija Ljubljana team participates in the highest level of competition for their age group under the leadership of their coach Sa\u0161o Avbelj.\",\"breadcrumb\":{\"@id\":\"https:\/\/nkolimpija24.innnet.de\/zmajcki\/u12\/#breadcrumb\"},\"inLanguage\":\"en-US\",\"potentialAction\":[{\"@type\":\"ReadAction\",\"target\":[\"https:\/\/nkolimpija24.innnet.de\/zmajcki\/u12\/\"]}]},{\"@type\":\"BreadcrumbList\",\"@id\":\"https:\/\/nkolimpija24.innnet.de\/zmajcki\/u12\/#breadcrumb\",\"itemListElement\":[{\"@type\":\"ListItem\",\"position\":1,\"name\":\"Home\",\"item\":\"https:\/\/nkolimpija24.innnet.de\/en\/\"},{\"@type\":\"ListItem\",\"position\":2,\"name\":\"Dragons\",\"item\":\"https:\/\/nkolimpija24.innnet.de\/zmajcki\/\"},{\"@type\":\"ListItem\",\"position\":3,\"name\":\"U12\"}]},{\"@type\":\"WebSite\",\"@id\":\"https:\/\/nkolimpija24.innnet.de\/#website\",\"url\":\"https:\/\/nkolimpija24.innnet.de\/\",\"name\":\"NK Olimpija Ljubljana\",\"description\":\"Eno \u017eivljenje - ena ljubezen\",\"potentialAction\":[{\"@type\":\"SearchAction\",\"target\":{\"@type\":\"EntryPoint\",\"urlTemplate\":\"https:\/\/nkolimpija24.innnet.de\/?s={search_term_string}\"},\"query-input\":\"required name=search_term_string\"}],\"inLanguage\":\"en-US\"}]}<\/script>\n<!-- \/ Yoast SEO plugin. -->","yoast_head_json":{"title":"U12 - NK Olimpija Ljubljana","description":"The U12 FC Olimpija Ljubljana team participates in the highest level of competition for their age group under the leadership of their coach Sa\u0161o Avbelj.","robots":{"index":"index","follow":"follow","max-snippet":"max-snippet:-1","max-image-preview":"max-image-preview:large","max-video-preview":"max-video-preview:-1"},"canonical":"https:\/\/nkolimpija24.innnet.de\/zmajcki\/u12\/","schema":{"@context":"https:\/\/schema.org","@graph":[{"@type":"WebPage","@id":"https:\/\/nkolimpija24.innnet.de\/zmajcki\/u12\/","url":"https:\/\/nkolimpija24.innnet.de\/zmajcki\/u12\/","name":"U12 - NK Olimpija Ljubljana","isPartOf":{"@id":"https:\/\/nkolimpija24.innnet.de\/#website"},"datePublished":"2022-02-03T09:37:59+00:00","dateModified":"2023-10-30T14:04:47+00:00","description":"The U12 FC Olimpija Ljubljana team participates in the highest level of competition for their age group under the leadership of their coach Sa\u0161o Avbelj.","breadcrumb":{"@id":"https:\/\/nkolimpija24.innnet.de\/zmajcki\/u12\/#breadcrumb"},"inLanguage":"en-US","potentialAction":[{"@type":"ReadAction","target":["https:\/\/nkolimpija24.innnet.de\/zmajcki\/u12\/"]}]},{"@type":"BreadcrumbList","@id":"https:\/\/nkolimpija24.innnet.de\/zmajcki\/u12\/#breadcrumb","itemListElement":[{"@type":"ListItem","position":1,"name":"Home","item":"https:\/\/nkolimpija24.innnet.de\/en\/"},{"@type":"ListItem","position":2,"name":"Dragons","item":"https:\/\/nkolimpija24.innnet.de\/zmajcki\/"},{"@type":"ListItem","position":3,"name":"U12"}]},{"@type":"WebSite","@id":"https:\/\/nkolimpija24.innnet.de\/#website","url":"https:\/\/nkolimpija24.innnet.de\/","name":"NK Olimpija Ljubljana","description":"Eno \u017eivljenje - ena ljubezen","potentialAction":[{"@type":"SearchAction","target":{"@type":"EntryPoint","urlTemplate":"https:\/\/nkolimpija24.innnet.de\/?s={search_term_string}"},"query-input":"required name=search_term_string"}],"inLanguage":"en-US"}]}},"_links":{"self":[{"href":"https:\/\/nkolimpija24.innnet.de\/en\/wp-json\/wp\/v2\/pages\/22031"}],"collection":[{"href":"https:\/\/nkolimpija24.innnet.de\/en\/wp-json\/wp\/v2\/pages"}],"about":[{"href":"https:\/\/nkolimpija24.innnet.de\/en\/wp-json\/wp\/v2\/types\/page"}],"author":[{"embeddable":true,"href":"https:\/\/nkolimpija24.innnet.de\/en\/wp-json\/wp\/v2\/users\/63"}],"replies":[{"embeddable":true,"href":"https:\/\/nkolimpija24.innnet.de\/en\/wp-json\/wp\/v2\/comments?post=22031"}],"version-history":[{"count":8,"href":"https:\/\/nkolimpija24.innnet.de\/en\/wp-json\/wp\/v2\/pages\/22031\/revisions"}],"predecessor-version":[{"id":25450,"href":"https:\/\/nkolimpija24.innnet.de\/en\/wp-json\/wp\/v2\/pages\/22031\/revisions\/25450"}],"up":[{"embeddable":true,"href":"https:\/\/nkolimpija24.innnet.de\/en\/wp-json\/wp\/v2\/pages\/21917"}],"wp:attachment":[{"href":"https:\/\/nkolimpija24.innnet.de\/en\/wp-json\/wp\/v2\/media?parent=22031"}],"curies":[{"name":"wp","href":"https:\/\/api.w.org\/{rel}","templated":true}]}}