{"id":22042,"date":"2022-02-01T06:04:54","date_gmt":"2022-02-01T05:04:54","guid":{"rendered":"https:\/\/nkolimpija.innnet.de\/club\/stadion\/"},"modified":"2023-05-23T05:58:20","modified_gmt":"2023-05-23T04:58:20","slug":"stadion","status":"publish","type":"page","link":"https:\/\/nkolimpija24.innnet.de\/en\/club\/stadion\/","title":{"rendered":"Stadium"},"content":{"rendered":"\t<section class=\"section splosno-section\" id=\"section_1873905078\">\n\t\t<div class=\"bg section-bg fill bg-fill  \" >\n\n\t\t\t\n\t\t\t\n\t\t\t\n\n\t\t<\/div>\n\n\t\t\n\n\t\t<div class=\"section-content relative\">\n\t\t\t\n<div class=\"row row-collapse row-full-width blck\"  id=\"row-473201200\">\n\n\t<div id=\"col-990363861\" class=\"col naslov-col small-12 large-12\"  >\n\t\t\t\t<div class=\"col-inner\"  >\n\t\t\t\n\t\t\t\n\t<div id=\"text-2841878364\" class=\"text\">\n\t\t\n<h2 class=\"lh-n\" style=\"font-family: Heatwood !important; font-weight: 100; color: #fff;\">Stadium<\/h2>\n\t\t\n<style>\n#text-2841878364 {\n  font-size: 2.6rem;\n}\n<\/style>\n\t<\/div>\n\t\n\t\t<\/div>\n\t\t\t\t\t<\/div>\n\n\t\n\n\t<div id=\"col-1902800499\" class=\"col meni-col small-12 large-12\"  >\n\t\t\t\t<div class=\"col-inner\"  >\n\t\t\t\n\t\t\t\n<div class=\"row row-collapse row-full-width full-w-r\"  id=\"row-1353210011\">\r\n\r\n\n\t<div id=\"col-1350830626\" class=\"col container-r-w small-12 large-12\"  >\n\t\t\t\t<div class=\"col-inner\"  >\n\t\t\t\n\t\t\t\r\n\r\n<div class=\"cont-m\">\n<div class=\"cats-div banner-stil\"><a class=\"ctgr2\" href=\"https:\/\/nkolimpija.innnet.de\/en\/club\/\">CLUB<\/a><br>\n<a class=\"ctgr2\" href=\"https:\/\/nkolimpija.innnet.de\/en\/club\/history\/\">HISTORY<\/a><br>\n<a class=\"ctgr2\" href=\"https:\/\/nkolimpija.innnet.de\/en\/club\/stadion\/\">Stadium<\/a><br>\n<a class=\"ctgr2\" href=\"https:\/\/nkolimpija.innnet.de\/en\/club\/management\/\">LEADERSHIP<\/a><br><a class=\"ctgr2\" href=\"\/wp-content\/uploads\/2022\/05\/Objava-na-splet_Konsolidirano-letno-porocilo-2021_10.05.2022-min.pdf\" target=\"_blank\" rel=\"noopener\">Annual Report<\/a><br>\n<a class=\"ctgr2\" href=\"https:\/\/nkolimpija.innnet.de\/en\/club\/sponsors-and-partners\/\">Sponsors<\/a><br>\n<a class=\"ctgr2\" href=\"https:\/\/nkolimpija.innnet.de\/en\/club\/legends\/\">Legends<\/a><br>\n<a class=\"ctgr2\" href=\"https:\/\/nkolimpija.innnet.de\/en\/club\/laurels-won\/\">Trophies<\/a><a class=\"ctgr2\" href=\"https:\/\/green-dragons.com\/\">Fans<\/a><br>\n<a class=\"ctgr2\" href=\"https:\/\/nkolimpija.innnet.de\/en\/club\/contact\/\">Contact<\/a><\/p>\n<\/div>\n<\/div>\r\n\r\n\r\n\t\t<\/div>\n\t\t\t\t\t<\/div>\n\n\t\r\n\r\n<\/div>\n\t\t<\/div>\n\t\t\t\t\t<\/div>\n\n\t\n<\/div>\n\t\t<\/div>\n\n\t\t\n<style>\n#section_1873905078 {\n  padding-top: 0px;\n  padding-bottom: 0px;\n}\n#section_1873905078 .section-bg.bg-loaded {\n  background-image: url(https:\/\/nkolimpija24.innnet.de\/wp-content\/uploads\/2022\/02\/Stadion-zgronja.png);\n}\n<\/style>\n\t<\/section>\n\t\n\t<section class=\"section\" id=\"section_289021075\">\n\t\t<div class=\"bg section-bg fill bg-fill  bg-loaded\" >\n\n\t\t\t\n\t\t\t\n\t\t\t\n\n\t\t<\/div>\n\n\t\t\n\n\t\t<div class=\"section-content relative\">\n\t\t\t\n\t<div id=\"gap-531517008\" class=\"gap-element clearfix\" style=\"display:block; height:auto;\">\n\t\t\n<style>\n#gap-531517008 {\n  padding-top: 15px;\n}\n<\/style>\n\t<\/div>\n\t\n<div class=\"row\"  id=\"row-1277358874\">\n\n\t<div id=\"col-119180684\" class=\"col pm small-12 large-12\"  >\n\t\t\t\t<div class=\"col-inner\"  >\n\t\t\t\n\t\t\t\n<p>The Be\u017eigrad Central Stadium was Olimpija&#8217;s home for 60 years. Be\u017eigrad is the oldest football stadium in Slovenia where they played the Yugoslav League and Slovenian national league games. It hosted European giants such as AC Milan, Liverpool, Benfica&#8230; The stadium was designed by the legendary architect Jo\u017ee Ple\u010dnik and it was closed in 2008. Olimpija moved to \u017dAK stadion in Spodnja \u0160i\u0161ka for a while and moved to Sto\u017eice in the summer of 2010.<\/p>\n<p>It&#8217;s the most modern and biggest stadium in Slovenia, located in the Be\u017eigrad neighborhood in the north part of Ljubljana. Its seating capacity for football games is <strong>16.038<\/strong>. It opened with a football game between the national football teams of Slovenia and Australia. Olimpija first played as host at Sto\u017eice a few days later, when they faced Koper in front of a crowd of 7.000 fans.<\/p>\n<div class=\"row row-full-width align-middle\"  id=\"row-1816015528\">\n\n\t<div id=\"col-1640142886\" class=\"col plr medium-12 small-12 large-6\"  >\n\t\t\t\t<div class=\"col-inner\"  >\n\t\t\t\n\t\t\t\n\t<div id=\"gap-1056934599\" class=\"gap-element clearfix\" style=\"display:block; height:auto;\">\n\t\t\n<style>\n#gap-1056934599 {\n  padding-top: 30px;\n}\n<\/style>\n\t<\/div>\n\t\n\t<div class=\"img has-hover x md-x lg-x y md-y lg-y\" id=\"image_333864494\">\n\t\t\t\t\t\t\t\t<div class=\"img-inner dark\" style=\"margin:0px 0px 0px 0px;\">\n\t\t\t<img loading=\"lazy\" decoding=\"async\" width=\"1020\" height=\"515\" src=\"https:\/\/nkolimpija24.innnet.de\/wp-content\/uploads\/2023\/04\/Stadion-leva-spodnja-1536x776.png.webp\" class=\"attachment-large size-large\" alt=\"\" srcset=\"https:\/\/nkolimpija24.innnet.de\/wp-content\/uploads\/2023\/04\/Stadion-leva-spodnja-1536x776.png.webp 1536w, https:\/\/nkolimpija24.innnet.de\/wp-content\/uploads\/2023\/04\/Stadion-leva-spodnja-1536x776.png-792x400.webp 792w, https:\/\/nkolimpija24.innnet.de\/wp-content\/uploads\/2023\/04\/Stadion-leva-spodnja-1536x776.png-768x388.webp 768w, https:\/\/nkolimpija24.innnet.de\/wp-content\/uploads\/2023\/04\/Stadion-leva-spodnja-1536x776.png-1320x667.webp 1320w, https:\/\/nkolimpija24.innnet.de\/wp-content\/uploads\/2023\/04\/Stadion-leva-spodnja-1536x776.png-600x303.webp 600w\" sizes=\"(max-width: 1020px) 100vw, 1020px\" \/>\t\t\t\t\t\t\n\t\t\t\t\t<\/div>\n\t\t\t\t\t\t\t\t\n<style>\n#image_333864494 {\n  width: 100%;\n}\n<\/style>\n\t<\/div>\n\t\n\t\t<\/div>\n\t\t\t\t\n<style>\n#col-1640142886 > .col-inner {\n  margin: 0px 0px 0px 0px;\n}\n<\/style>\n\t<\/div>\n\n\t\n\n\t<div id=\"col-1600605803\" class=\"col plr medium-12 small-12 large-6\"  >\n\t\t\t\t<div class=\"col-inner text-left\"  >\n\t\t\t\n\t\t\t\n\t<div id=\"text-1675192987\" class=\"text\">\n\t\t\n<h4 class=\"kontakt\">The record attendance at this largest stadium in Slovenia was marked on July 27th 7. 2014 when Olimpija hosted the English giant Chelsea at a friendly game. There were 15.972 people in the stands.<\/h4>\n<p>The stadium has over 500 seats for business partners and other guests, more than 200 seats for the press and other media as well as 97 spots for disabled people. A parking garage is available under the building.<\/p>\n\t\t\n<style>\n#text-1675192987 {\n  text-align: left;\n  color: rgb(0, 0, 0);\n}\n#text-1675192987 > * {\n  color: rgb(0, 0, 0);\n}\n<\/style>\n\t<\/div>\n\t\n\t\t<\/div>\n\t\t\t\t\n<style>\n#col-1600605803 > .col-inner {\n  padding: 0px 0px 0px 0px;\n}\n@media (min-width:550px) {\n  #col-1600605803 > .col-inner {\n    padding: 0px 0px 0px 0px;\n  }\n}\n<\/style>\n\t<\/div>\n\n\t\n<\/div>\n\t\t<\/div>\n\t\t\t\t\n<style>\n#col-119180684 > .col-inner {\n  padding: 0px 21px 0px 20px;\n}\n<\/style>\n\t<\/div>\n\n\t\n\n<style>\n#row-1277358874 > .col > .col-inner {\n  padding: 40px 0px 0px 0px;\n}\n<\/style>\n<\/div>\n<div class=\"row align-middle\"  id=\"row-1325038510\">\n\n\t<div id=\"col-1149954886\" class=\"col medium-6 small-12 large-6\"  >\n\t\t\t\t<div class=\"col-inner\"  >\n\t\t\t\n\t\t\t\n\t<div id=\"text-610050900\" class=\"text\">\n\t\t\n<p><strong>Address:<\/strong><br \/>\nVojkova cesta 100,<br \/>\n1000 Ljubljana<\/p>\n\t\t\n<style>\n#text-610050900 {\n  text-align: left;\n  color: rgb(0, 0, 0);\n}\n#text-610050900 > * {\n  color: rgb(0, 0, 0);\n}\n<\/style>\n\t<\/div>\n\t\n\t\t<\/div>\n\t\t\t\t\t<\/div>\n\n\t\n\n\t<div id=\"col-791053454\" class=\"col medium-6 small-12 large-6\"  >\n\t\t\t\t<div class=\"col-inner\"  >\n\t\t\t\n\t\t\t\n\t<div class=\"img has-hover x md-x lg-x y md-y lg-y\" id=\"image_238624299\">\n\t\t\t\t\t\t\t\t<div class=\"img-inner dark\" >\n\t\t\t<img loading=\"lazy\" decoding=\"async\" width=\"650\" height=\"433\" src=\"https:\/\/nkolimpija24.innnet.de\/wp-content\/uploads\/2023\/04\/shema-stozice.jpg.webp\" class=\"attachment-large size-large\" alt=\"\" srcset=\"https:\/\/nkolimpija24.innnet.de\/wp-content\/uploads\/2023\/04\/shema-stozice.jpg.webp 650w, https:\/\/nkolimpija24.innnet.de\/wp-content\/uploads\/2023\/04\/shema-stozice.jpg-600x400.webp 600w\" sizes=\"(max-width: 650px) 100vw, 650px\" \/>\t\t\t\t\t\t\n\t\t\t\t\t<\/div>\n\t\t\t\t\t\t\t\t\n<style>\n#image_238624299 {\n  width: 100%;\n}\n<\/style>\n\t<\/div>\n\t\n\t\t<\/div>\n\t\t\t\t\t<\/div>\n\n\t\n<\/div>\n\t\t<\/div>\n\n\t\t\n<style>\n#section_289021075 {\n  padding-top: 30px;\n  padding-bottom: 30px;\n}\n<\/style>\n\t<\/section>\n\t\n","protected":false},"excerpt":{"rendered":"","protected":false},"author":63,"featured_media":0,"parent":21926,"menu_order":0,"comment_status":"closed","ping_status":"closed","template":"page-blank.php","meta":{"_acf_changed":false,"footnotes":""},"acf":[],"yoast_head":"<!-- This site is optimized with the Yoast SEO plugin v22.3 - https:\/\/yoast.com\/wordpress\/plugins\/seo\/ -->\n<title>Stadium - NK Olimpija Ljubljana<\/title>\n<meta name=\"description\" content=\"The most modern and biggest stadium in Sloveniji is situated in the north part of Ljubljana. The seating capacity for football games is 16.038.\" \/>\n<meta name=\"robots\" content=\"index, follow, max-snippet:-1, max-image-preview:large, max-video-preview:-1\" \/>\n<link rel=\"canonical\" href=\"https:\/\/nkolimpija24.innnet.de\/klub\/stadion\/\" \/>\n<script type=\"application\/ld+json\" class=\"yoast-schema-graph\">{\"@context\":\"https:\/\/schema.org\",\"@graph\":[{\"@type\":\"WebPage\",\"@id\":\"https:\/\/nkolimpija24.innnet.de\/klub\/stadion\/\",\"url\":\"https:\/\/nkolimpija24.innnet.de\/klub\/stadion\/\",\"name\":\"Stadium - NK Olimpija Ljubljana\",\"isPartOf\":{\"@id\":\"https:\/\/nkolimpija24.innnet.de\/#website\"},\"datePublished\":\"2022-02-01T05:04:54+00:00\",\"dateModified\":\"2023-05-23T04:58:20+00:00\",\"description\":\"The most modern and biggest stadium in Sloveniji is situated in the north part of Ljubljana. The seating capacity for football games is 16.038.\",\"breadcrumb\":{\"@id\":\"https:\/\/nkolimpija24.innnet.de\/klub\/stadion\/#breadcrumb\"},\"inLanguage\":\"en-US\",\"potentialAction\":[{\"@type\":\"ReadAction\",\"target\":[\"https:\/\/nkolimpija24.innnet.de\/klub\/stadion\/\"]}]},{\"@type\":\"BreadcrumbList\",\"@id\":\"https:\/\/nkolimpija24.innnet.de\/klub\/stadion\/#breadcrumb\",\"itemListElement\":[{\"@type\":\"ListItem\",\"position\":1,\"name\":\"Home\",\"item\":\"https:\/\/nkolimpija24.innnet.de\/en\/\"},{\"@type\":\"ListItem\",\"position\":2,\"name\":\"Club\",\"item\":\"https:\/\/nkolimpija24.innnet.de\/en\/club\/\"},{\"@type\":\"ListItem\",\"position\":3,\"name\":\"Stadium\"}]},{\"@type\":\"WebSite\",\"@id\":\"https:\/\/nkolimpija24.innnet.de\/#website\",\"url\":\"https:\/\/nkolimpija24.innnet.de\/\",\"name\":\"NK Olimpija Ljubljana\",\"description\":\"Eno \u017eivljenje - ena ljubezen\",\"potentialAction\":[{\"@type\":\"SearchAction\",\"target\":{\"@type\":\"EntryPoint\",\"urlTemplate\":\"https:\/\/nkolimpija24.innnet.de\/?s={search_term_string}\"},\"query-input\":\"required name=search_term_string\"}],\"inLanguage\":\"en-US\"}]}<\/script>\n<!-- \/ Yoast SEO plugin. -->","yoast_head_json":{"title":"Stadium - NK Olimpija Ljubljana","description":"The most modern and biggest stadium in Sloveniji is situated in the north part of Ljubljana. The seating capacity for football games is 16.038.","robots":{"index":"index","follow":"follow","max-snippet":"max-snippet:-1","max-image-preview":"max-image-preview:large","max-video-preview":"max-video-preview:-1"},"canonical":"https:\/\/nkolimpija24.innnet.de\/klub\/stadion\/","schema":{"@context":"https:\/\/schema.org","@graph":[{"@type":"WebPage","@id":"https:\/\/nkolimpija24.innnet.de\/klub\/stadion\/","url":"https:\/\/nkolimpija24.innnet.de\/klub\/stadion\/","name":"Stadium - NK Olimpija Ljubljana","isPartOf":{"@id":"https:\/\/nkolimpija24.innnet.de\/#website"},"datePublished":"2022-02-01T05:04:54+00:00","dateModified":"2023-05-23T04:58:20+00:00","description":"The most modern and biggest stadium in Sloveniji is situated in the north part of Ljubljana. The seating capacity for football games is 16.038.","breadcrumb":{"@id":"https:\/\/nkolimpija24.innnet.de\/klub\/stadion\/#breadcrumb"},"inLanguage":"en-US","potentialAction":[{"@type":"ReadAction","target":["https:\/\/nkolimpija24.innnet.de\/klub\/stadion\/"]}]},{"@type":"BreadcrumbList","@id":"https:\/\/nkolimpija24.innnet.de\/klub\/stadion\/#breadcrumb","itemListElement":[{"@type":"ListItem","position":1,"name":"Home","item":"https:\/\/nkolimpija24.innnet.de\/en\/"},{"@type":"ListItem","position":2,"name":"Club","item":"https:\/\/nkolimpija24.innnet.de\/en\/club\/"},{"@type":"ListItem","position":3,"name":"Stadium"}]},{"@type":"WebSite","@id":"https:\/\/nkolimpija24.innnet.de\/#website","url":"https:\/\/nkolimpija24.innnet.de\/","name":"NK Olimpija Ljubljana","description":"Eno \u017eivljenje - ena ljubezen","potentialAction":[{"@type":"SearchAction","target":{"@type":"EntryPoint","urlTemplate":"https:\/\/nkolimpija24.innnet.de\/?s={search_term_string}"},"query-input":"required name=search_term_string"}],"inLanguage":"en-US"}]}},"_links":{"self":[{"href":"https:\/\/nkolimpija24.innnet.de\/en\/wp-json\/wp\/v2\/pages\/22042"}],"collection":[{"href":"https:\/\/nkolimpija24.innnet.de\/en\/wp-json\/wp\/v2\/pages"}],"about":[{"href":"https:\/\/nkolimpija24.innnet.de\/en\/wp-json\/wp\/v2\/types\/page"}],"author":[{"embeddable":true,"href":"https:\/\/nkolimpija24.innnet.de\/en\/wp-json\/wp\/v2\/users\/63"}],"replies":[{"embeddable":true,"href":"https:\/\/nkolimpija24.innnet.de\/en\/wp-json\/wp\/v2\/comments?post=22042"}],"version-history":[{"count":5,"href":"https:\/\/nkolimpija24.innnet.de\/en\/wp-json\/wp\/v2\/pages\/22042\/revisions"}],"predecessor-version":[{"id":22186,"href":"https:\/\/nkolimpija24.innnet.de\/en\/wp-json\/wp\/v2\/pages\/22042\/revisions\/22186"}],"up":[{"embeddable":true,"href":"https:\/\/nkolimpija24.innnet.de\/en\/wp-json\/wp\/v2\/pages\/21926"}],"wp:attachment":[{"href":"https:\/\/nkolimpija24.innnet.de\/en\/wp-json\/wp\/v2\/media?parent=22042"}],"curies":[{"name":"wp","href":"https:\/\/api.w.org\/{rel}","templated":true}]}}