{"id":22054,"date":"2022-02-01T06:05:14","date_gmt":"2022-02-01T05:05:14","guid":{"rendered":"https:\/\/nkolimpija.innnet.de\/club\/laurels-won\/"},"modified":"2023-05-23T06:05:51","modified_gmt":"2023-05-23T05:05:51","slug":"laurels-won","status":"publish","type":"page","link":"https:\/\/nkolimpija24.innnet.de\/en\/club\/laurels-won\/","title":{"rendered":"Trophies won"},"content":{"rendered":"\t<section class=\"section splosno-section\" id=\"section_817124789\">\n\t\t<div class=\"bg section-bg fill bg-fill  \" >\n\n\t\t\t\n\t\t\t\n\t\t\t\n\n\t\t<\/div>\n\n\t\t\n\n\t\t<div class=\"section-content relative\">\n\t\t\t\n<div class=\"row row-collapse row-full-width blck\"  id=\"row-1821217287\">\n\n\t<div id=\"col-1835243098\" class=\"col naslov-col small-12 large-12\"  >\n\t\t\t\t<div class=\"col-inner\"  >\n\t\t\t\n\t\t\t\n\t<div id=\"text-4035985620\" class=\"text\">\n\t\t\n<h2 class=\"lh-n\" style=\"font-family: Heatwood !important; font-weight: 100; color: #fff;\">Trophies<\/h2>\n\t\t\n<style>\n#text-4035985620 {\n  font-size: 2.6rem;\n}\n<\/style>\n\t<\/div>\n\t\n\t\t<\/div>\n\t\t\t\t\t<\/div>\n\n\t\n\n\t<div id=\"col-1179035962\" class=\"col meni-col small-12 large-12\"  >\n\t\t\t\t<div class=\"col-inner\"  >\n\t\t\t\n\t\t\t\n<div class=\"row row-collapse row-full-width full-w-r\"  id=\"row-308364158\">\r\n\r\n\n\t<div id=\"col-1174873952\" class=\"col container-r-w small-12 large-12\"  >\n\t\t\t\t<div class=\"col-inner\"  >\n\t\t\t\n\t\t\t\r\n\r\n<div class=\"cont-m\">\n<div class=\"cats-div banner-stil\"><a class=\"ctgr2\" href=\"https:\/\/nkolimpija.innnet.de\/en\/club\/\">CLUB<\/a><br>\n<a class=\"ctgr2\" href=\"https:\/\/nkolimpija.innnet.de\/en\/club\/history\/\">HISTORY<\/a><br>\n<a class=\"ctgr2\" href=\"https:\/\/nkolimpija.innnet.de\/en\/club\/stadion\/\">Stadium<\/a><br>\n<a class=\"ctgr2\" href=\"https:\/\/nkolimpija.innnet.de\/en\/club\/management\/\">LEADERSHIP<\/a><br><a class=\"ctgr2\" href=\"\/wp-content\/uploads\/2022\/05\/Objava-na-splet_Konsolidirano-letno-porocilo-2021_10.05.2022-min.pdf\" target=\"_blank\" rel=\"noopener\">Annual Report<\/a><br>\n<a class=\"ctgr2\" href=\"https:\/\/nkolimpija.innnet.de\/en\/club\/sponsors-and-partners\/\">Sponsors<\/a><br>\n<a class=\"ctgr2\" href=\"https:\/\/nkolimpija.innnet.de\/en\/club\/legends\/\">Legends<\/a><br>\n<a class=\"ctgr2\" href=\"https:\/\/nkolimpija.innnet.de\/en\/club\/laurels-won\/\">Trophies<\/a><a class=\"ctgr2\" href=\"https:\/\/green-dragons.com\/\">Fans<\/a><br>\n<a class=\"ctgr2\" href=\"https:\/\/nkolimpija.innnet.de\/en\/club\/contact\/\">Contact<\/a><\/p>\n<\/div>\n<\/div>\r\n\r\n\r\n\t\t<\/div>\n\t\t\t\t\t<\/div>\n\n\t\r\n\r\n<\/div>\n\t\t<\/div>\n\t\t\t\t\t<\/div>\n\n\t\n<\/div>\n\t\t<\/div>\n\n\t\t\n<style>\n#section_817124789 {\n  padding-top: 0px;\n  padding-bottom: 0px;\n}\n#section_817124789 .section-bg.bg-loaded {\n  background-image: url(https:\/\/nkolimpija24.innnet.de\/wp-content\/uploads\/2022\/02\/lovorike-3.png);\n}\n<\/style>\n\t<\/section>\n\t\n\t<div id=\"gap-217449172\" class=\"gap-element clearfix\" style=\"display:block; height:auto;\">\n\t\t\n<style>\n#gap-217449172 {\n  padding-top: 30px;\n}\n<\/style>\n\t<\/div>\n\t\n<div class=\"row align-center\"  id=\"row-882285703\">\n\n\t<div id=\"col-727581442\" class=\"col medium-4 small-12 large-4\"  >\n\t\t\t\t<div class=\"col-inner text-center\"  >\n\t\t\t\n\t\t\t\n<p><span class=\"stevilke\">6<\/span> <span class=\"beseda\">national championships<\/span><\/p>\n<p class=\"datumi\">1992, 1993, 1994, 1995, 2016, 2018<\/p>\n\t\t<\/div>\n\t\t\t\t\t<\/div>\n\n\t\n\n\t<div id=\"col-154013639\" class=\"col medium-4 small-12 large-4\"  >\n\t\t\t\t<div class=\"col-inner text-center\"  >\n\t\t\t\n\t\t\t\n<p><span class=\"stevilke\">7<\/span> <span class=\"beseda\">national cups<\/span><\/p>\n<p class=\"datumi\">1993, 1996, 2000, 2003, 2018, 2019, 2021<\/p>\n\t\t<\/div>\n\t\t\t\t\t<\/div>\n\n\t\n\n\t<div id=\"col-2038902303\" class=\"col medium-4 small-12 large-4\"  >\n\t\t\t\t<div class=\"col-inner text-center\"  >\n\t\t\t\n\t\t\t\n\t<div id=\"text-4227073207\" class=\"text\">\n\t\t\n<p><span class=\"stevilke\">1<\/span> <span class=\"beseda\">supercup<\/span><\/p>\n<p class=\"datumi\">1995<\/p>\n\t\t\n<style>\n#text-4227073207 {\n  text-align: center;\n}\n<\/style>\n\t<\/div>\n\t\n\t\t<\/div>\n\t\t\t\t\t<\/div>\n\n\t\n<\/div>\n\t<div id=\"gap-319004341\" class=\"gap-element clearfix\" style=\"display:block; height:auto;\">\n\t\t\n<style>\n#gap-319004341 {\n  padding-top: 15px;\n}\n<\/style>\n\t<\/div>\n\t\n<div class=\"row align-middle\"  id=\"row-15023531\">\n\n\t<div id=\"col-1204858506\" class=\"col medium-6 small-12 large-6\"  >\n\t\t\t\t<div class=\"col-inner\"  >\n\t\t\t\n\t\t\t\n\t<div id=\"text-2621307815\" class=\"text\">\n\t\t\n<h3 class=\"lovorike podc\"><span style=\"color: #000000;\">MOST CAREER GAMES IN OLIMPIJA&#8217;S HISTORY<\/span><\/h3>\n<table class=\"tabela-nastopi\">\n<thead>\n<tr>\n<th style=\"text-align: center;\">PLAYER<\/th>\n<th style=\"text-align: center;\">NO. OF GAMES<\/th>\n<\/tr>\n<\/thead>\n<tbody>\n<tr>\n<td style=\"text-align: center;\">1. Vili Amer\u0161ek<\/td>\n<td style=\"text-align: center;\">432<\/td>\n<\/tr>\n<tr>\n<td style=\"text-align: center;\">2. Tone Ro\u017ei\u010d<\/td>\n<td style=\"text-align: center;\">385<\/td>\n<\/tr>\n<tr>\n<td style=\"text-align: center;\">3. Milo\u0161 \u0160o\u0161ki\u0107<\/td>\n<td style=\"text-align: center;\">360<\/td>\n<\/tr>\n<tr>\n<td style=\"text-align: center;\">4. Dimitrije Srbu<\/td>\n<td style=\"text-align: center;\">303<\/td>\n<\/tr>\n<tr>\n<td style=\"text-align: center;\">5. Du\u0161an Kosi\u0107<\/td>\n<td style=\"text-align: center;\">292<\/td>\n<\/tr>\n<tr>\n<td style=\"text-align: center;\">6. Zoran Ubavi\u0107<\/td>\n<td style=\"text-align: center;\">283<\/td>\n<\/tr>\n<tr>\n<td style=\"text-align: center;\">7. Nihad Pejkovi\u0107<\/td>\n<td style=\"text-align: center;\">280<\/td>\n<\/tr>\n<tr>\n<td style=\"text-align: center;\">8. Peter Amer\u0161ek<\/td>\n<td style=\"text-align: center;\">267<\/td>\n<\/tr>\n<tr>\n<td style=\"text-align: center;\">9. Danilo Popivoda<\/td>\n<td style=\"text-align: center;\">261<\/td>\n<\/tr>\n<tr>\n<td style=\"text-align: center;\">10. Jani Pate<\/td>\n<td style=\"text-align: center;\">261<\/td>\n<\/tr>\n<\/tbody>\n<\/table>\n\t\t\n<style>\n#text-2621307815 {\n  text-align: center;\n}\n@media (min-width:550px) {\n  #text-2621307815 {\n    text-align: left;\n  }\n}\n<\/style>\n\t<\/div>\n\t\n\t\t<\/div>\n\t\t\t\t\n<style>\n#col-1204858506 > .col-inner {\n  padding: 0px 10px 0px 10px;\n}\n<\/style>\n\t<\/div>\n\n\t\n\n\t<div id=\"col-1880406699\" class=\"col hide-for-medium medium-6 small-12 large-6\"  >\n\t\t\t\t<div class=\"col-inner\"  >\n\t\t\t\n\t\t\t\n\t<div class=\"img has-hover x md-x lg-x y md-y lg-y\" id=\"image_1230659571\">\n\t\t\t\t\t\t\t\t<div class=\"img-inner image-cover dark\" style=\"padding-top:50%;\">\n\t\t\t<img loading=\"lazy\" decoding=\"async\" width=\"1020\" height=\"359\" src=\"https:\/\/nkolimpija24.innnet.de\/wp-content\/uploads\/2022\/04\/vili-amersek-1920x675.jpg\" class=\"attachment-large size-large\" alt=\"\" srcset=\"https:\/\/nkolimpija24.innnet.de\/wp-content\/uploads\/2022\/04\/vili-amersek-1920x675.jpg 1920w, https:\/\/nkolimpija24.innnet.de\/wp-content\/uploads\/2022\/04\/vili-amersek-800x281.jpg 800w, https:\/\/nkolimpija24.innnet.de\/wp-content\/uploads\/2022\/04\/vili-amersek-768x270.jpg 768w, https:\/\/nkolimpija24.innnet.de\/wp-content\/uploads\/2022\/04\/vili-amersek-1536x540.jpg 1536w, https:\/\/nkolimpija24.innnet.de\/wp-content\/uploads\/2022\/04\/vili-amersek-2048x720.jpg 2048w, https:\/\/nkolimpija24.innnet.de\/wp-content\/uploads\/2022\/04\/vili-amersek-1320x464.jpg 1320w, https:\/\/nkolimpija24.innnet.de\/wp-content\/uploads\/2022\/04\/vili-amersek-600x211.jpg 600w\" sizes=\"(max-width: 1020px) 100vw, 1020px\" \/>\t\t\t\t\t\t\n\t\t\t\t\t<\/div>\n\t\t\t\t\t\t\t\t\n<style>\n#image_1230659571 {\n  width: 100%;\n}\n<\/style>\n\t<\/div>\n\t\n\t\t<\/div>\n\t\t\t\t\t<\/div>\n\n\t\n<\/div>\n\t<div id=\"gap-1330766075\" class=\"gap-element clearfix\" style=\"display:block; height:auto;\">\n\t\t\n<style>\n#gap-1330766075 {\n  padding-top: 0px;\n}\n@media (min-width:550px) {\n  #gap-1330766075 {\n    padding-top: 100px;\n  }\n}\n<\/style>\n\t<\/div>\n\t\n<div class=\"row align-middle\"  id=\"row-809108175\">\n\n\t<div id=\"col-1639476798\" class=\"col hide-for-medium medium-6 small-12 large-6\"  >\n\t\t\t\t<div class=\"col-inner\"  >\n\t\t\t\n\t\t\t\n\t<div class=\"img has-hover x md-x lg-x y md-y lg-y\" id=\"image_1007262265\">\n\t\t\t\t\t\t\t\t<div class=\"img-inner image-cover dark\" style=\"padding-top:50%;\">\n\t\t\t<img loading=\"lazy\" decoding=\"async\" width=\"1020\" height=\"359\" src=\"https:\/\/nkolimpija24.innnet.de\/wp-content\/uploads\/2022\/04\/zoran-ubavic-1920x675.jpg\" class=\"attachment-large size-large\" alt=\"\" srcset=\"https:\/\/nkolimpija24.innnet.de\/wp-content\/uploads\/2022\/04\/zoran-ubavic-1920x675.jpg 1920w, https:\/\/nkolimpija24.innnet.de\/wp-content\/uploads\/2022\/04\/zoran-ubavic-800x281.jpg 800w, https:\/\/nkolimpija24.innnet.de\/wp-content\/uploads\/2022\/04\/zoran-ubavic-768x270.jpg 768w, https:\/\/nkolimpija24.innnet.de\/wp-content\/uploads\/2022\/04\/zoran-ubavic-1536x540.jpg 1536w, https:\/\/nkolimpija24.innnet.de\/wp-content\/uploads\/2022\/04\/zoran-ubavic-2048x720.jpg 2048w, https:\/\/nkolimpija24.innnet.de\/wp-content\/uploads\/2022\/04\/zoran-ubavic-1320x464.jpg 1320w, https:\/\/nkolimpija24.innnet.de\/wp-content\/uploads\/2022\/04\/zoran-ubavic-600x211.jpg 600w\" sizes=\"(max-width: 1020px) 100vw, 1020px\" \/>\t\t\t\t\t\t\n\t\t\t\t\t<\/div>\n\t\t\t\t\t\t\t\t\n<style>\n#image_1007262265 {\n  width: 100%;\n}\n<\/style>\n\t<\/div>\n\t\n\t<div id=\"gap-552887126\" class=\"gap-element clearfix\" style=\"display:block; height:auto;\">\n\t\t\n<style>\n#gap-552887126 {\n  padding-top: 10px;\n}\n@media (min-width:550px) {\n  #gap-552887126 {\n    padding-top: 30px;\n  }\n}\n<\/style>\n\t<\/div>\n\t\n\t\t<\/div>\n\t\t\t\t\t<\/div>\n\n\t\n\n\t<div id=\"col-388760310\" class=\"col medium-6 small-12 large-6\"  >\n\t\t\t\t<div class=\"col-inner\"  >\n\t\t\t\n\t\t\t\n\t<div id=\"text-2283145666\" class=\"text\">\n\t\t\n<h3 class=\"lovorike podc\"><span style=\"color: #000000;\">MOST GOALS IN OLIMPIJA&#8217;S HISTORY<\/span><\/h3>\n<table class=\"tabela-nastopi\">\n<thead>\n<tr>\n<th style=\"text-align: center;\">PLAYER<\/th>\n<th style=\"text-align: center;\">NO. OF GOALS<\/th>\n<\/tr>\n<\/thead>\n<tbody>\n<tr>\n<td style=\"text-align: center;\">1. Zoran Ubavi\u0107<\/td>\n<td style=\"text-align: center;\">167<\/td>\n<\/tr>\n<tr>\n<td style=\"text-align: center;\">2. Vili Amer\u0161ek<\/td>\n<td style=\"text-align: center;\">106<\/td>\n<\/tr>\n<tr>\n<td style=\"text-align: center;\">3. Adolf Erman<\/td>\n<td style=\"text-align: center;\">94<\/td>\n<\/tr>\n<tr>\n<td style=\"text-align: center;\">4. Jo\u017ee Zagorc<\/td>\n<td style=\"text-align: center;\">92<\/td>\n<\/tr>\n<tr>\n<td style=\"text-align: center;\">5. Miran Pavlin<\/td>\n<td style=\"text-align: center;\">86<\/td>\n<\/tr>\n<tr>\n<td style=\"text-align: center;\">6. Sebastjan Cimeroti\u010d<\/td>\n<td style=\"text-align: center;\">73<\/td>\n<\/tr>\n<tr>\n<td style=\"text-align: center;\">7. Tone Ro\u017ei\u010d<\/td>\n<td style=\"text-align: center;\">68<\/td>\n<\/tr>\n<tr>\n<td style=\"text-align: center;\">8. Samir Zuli\u0107<\/td>\n<td style=\"text-align: center;\">68<\/td>\n<\/tr>\n<tr>\n<td style=\"text-align: center;\">9. Edvard Ho\u010devar<\/td>\n<td style=\"text-align: center;\">68<\/td>\n<\/tr>\n<tr>\n<td style=\"text-align: center;\">10. Ermin \u0160iljak<\/td>\n<td style=\"text-align: center;\">68<\/td>\n<\/tr>\n<\/tbody>\n<\/table>\n\t\t\n<style>\n#text-2283145666 {\n  text-align: center;\n}\n@media (min-width:550px) {\n  #text-2283145666 {\n    text-align: left;\n  }\n}\n<\/style>\n\t<\/div>\n\t\n\t\t<\/div>\n\t\t\t\t\n<style>\n#col-388760310 > .col-inner {\n  padding: 0px 10px 0px 10px;\n}\n<\/style>\n\t<\/div>\n\n\t\n<\/div>\n","protected":false},"excerpt":{"rendered":"","protected":false},"author":63,"featured_media":0,"parent":21926,"menu_order":0,"comment_status":"closed","ping_status":"closed","template":"page-blank.php","meta":{"_acf_changed":false,"footnotes":""},"acf":[],"yoast_head":"<!-- This site is optimized with the Yoast SEO plugin v22.3 - https:\/\/yoast.com\/wordpress\/plugins\/seo\/ -->\n<title>Trophies won - NK Olimpija Ljubljana<\/title>\n<meta name=\"description\" content=\"Trophies by NK Olimpija Ljubljana: six national championships, seven national cups, and one supercup.\" \/>\n<meta name=\"robots\" content=\"index, follow, max-snippet:-1, max-image-preview:large, max-video-preview:-1\" \/>\n<link rel=\"canonical\" href=\"https:\/\/nkolimpija24.innnet.de\/klub\/osvojene-lovorike\/\" \/>\n<script type=\"application\/ld+json\" class=\"yoast-schema-graph\">{\"@context\":\"https:\/\/schema.org\",\"@graph\":[{\"@type\":\"WebPage\",\"@id\":\"https:\/\/nkolimpija24.innnet.de\/klub\/osvojene-lovorike\/\",\"url\":\"https:\/\/nkolimpija24.innnet.de\/klub\/osvojene-lovorike\/\",\"name\":\"Trophies won - NK Olimpija Ljubljana\",\"isPartOf\":{\"@id\":\"https:\/\/nkolimpija24.innnet.de\/#website\"},\"datePublished\":\"2022-02-01T05:05:14+00:00\",\"dateModified\":\"2023-05-23T05:05:51+00:00\",\"description\":\"Trophies by NK Olimpija Ljubljana: six national championships, seven national cups, and one supercup.\",\"breadcrumb\":{\"@id\":\"https:\/\/nkolimpija24.innnet.de\/klub\/osvojene-lovorike\/#breadcrumb\"},\"inLanguage\":\"en-US\",\"potentialAction\":[{\"@type\":\"ReadAction\",\"target\":[\"https:\/\/nkolimpija24.innnet.de\/klub\/osvojene-lovorike\/\"]}]},{\"@type\":\"BreadcrumbList\",\"@id\":\"https:\/\/nkolimpija24.innnet.de\/klub\/osvojene-lovorike\/#breadcrumb\",\"itemListElement\":[{\"@type\":\"ListItem\",\"position\":1,\"name\":\"Home\",\"item\":\"https:\/\/nkolimpija24.innnet.de\/en\/\"},{\"@type\":\"ListItem\",\"position\":2,\"name\":\"Club\",\"item\":\"https:\/\/nkolimpija24.innnet.de\/en\/club\/\"},{\"@type\":\"ListItem\",\"position\":3,\"name\":\"Trophies won\"}]},{\"@type\":\"WebSite\",\"@id\":\"https:\/\/nkolimpija24.innnet.de\/#website\",\"url\":\"https:\/\/nkolimpija24.innnet.de\/\",\"name\":\"NK Olimpija Ljubljana\",\"description\":\"Eno \u017eivljenje - ena ljubezen\",\"potentialAction\":[{\"@type\":\"SearchAction\",\"target\":{\"@type\":\"EntryPoint\",\"urlTemplate\":\"https:\/\/nkolimpija24.innnet.de\/?s={search_term_string}\"},\"query-input\":\"required name=search_term_string\"}],\"inLanguage\":\"en-US\"}]}<\/script>\n<!-- \/ Yoast SEO plugin. -->","yoast_head_json":{"title":"Trophies won - NK Olimpija Ljubljana","description":"Trophies by NK Olimpija Ljubljana: six national championships, seven national cups, and one supercup.","robots":{"index":"index","follow":"follow","max-snippet":"max-snippet:-1","max-image-preview":"max-image-preview:large","max-video-preview":"max-video-preview:-1"},"canonical":"https:\/\/nkolimpija24.innnet.de\/klub\/osvojene-lovorike\/","schema":{"@context":"https:\/\/schema.org","@graph":[{"@type":"WebPage","@id":"https:\/\/nkolimpija24.innnet.de\/klub\/osvojene-lovorike\/","url":"https:\/\/nkolimpija24.innnet.de\/klub\/osvojene-lovorike\/","name":"Trophies won - NK Olimpija Ljubljana","isPartOf":{"@id":"https:\/\/nkolimpija24.innnet.de\/#website"},"datePublished":"2022-02-01T05:05:14+00:00","dateModified":"2023-05-23T05:05:51+00:00","description":"Trophies by NK Olimpija Ljubljana: six national championships, seven national cups, and one supercup.","breadcrumb":{"@id":"https:\/\/nkolimpija24.innnet.de\/klub\/osvojene-lovorike\/#breadcrumb"},"inLanguage":"en-US","potentialAction":[{"@type":"ReadAction","target":["https:\/\/nkolimpija24.innnet.de\/klub\/osvojene-lovorike\/"]}]},{"@type":"BreadcrumbList","@id":"https:\/\/nkolimpija24.innnet.de\/klub\/osvojene-lovorike\/#breadcrumb","itemListElement":[{"@type":"ListItem","position":1,"name":"Home","item":"https:\/\/nkolimpija24.innnet.de\/en\/"},{"@type":"ListItem","position":2,"name":"Club","item":"https:\/\/nkolimpija24.innnet.de\/en\/club\/"},{"@type":"ListItem","position":3,"name":"Trophies won"}]},{"@type":"WebSite","@id":"https:\/\/nkolimpija24.innnet.de\/#website","url":"https:\/\/nkolimpija24.innnet.de\/","name":"NK Olimpija Ljubljana","description":"Eno \u017eivljenje - ena ljubezen","potentialAction":[{"@type":"SearchAction","target":{"@type":"EntryPoint","urlTemplate":"https:\/\/nkolimpija24.innnet.de\/?s={search_term_string}"},"query-input":"required name=search_term_string"}],"inLanguage":"en-US"}]}},"_links":{"self":[{"href":"https:\/\/nkolimpija24.innnet.de\/en\/wp-json\/wp\/v2\/pages\/22054"}],"collection":[{"href":"https:\/\/nkolimpija24.innnet.de\/en\/wp-json\/wp\/v2\/pages"}],"about":[{"href":"https:\/\/nkolimpija24.innnet.de\/en\/wp-json\/wp\/v2\/types\/page"}],"author":[{"embeddable":true,"href":"https:\/\/nkolimpija24.innnet.de\/en\/wp-json\/wp\/v2\/users\/63"}],"replies":[{"embeddable":true,"href":"https:\/\/nkolimpija24.innnet.de\/en\/wp-json\/wp\/v2\/comments?post=22054"}],"version-history":[{"count":5,"href":"https:\/\/nkolimpija24.innnet.de\/en\/wp-json\/wp\/v2\/pages\/22054\/revisions"}],"predecessor-version":[{"id":22189,"href":"https:\/\/nkolimpija24.innnet.de\/en\/wp-json\/wp\/v2\/pages\/22054\/revisions\/22189"}],"up":[{"embeddable":true,"href":"https:\/\/nkolimpija24.innnet.de\/en\/wp-json\/wp\/v2\/pages\/21926"}],"wp:attachment":[{"href":"https:\/\/nkolimpija24.innnet.de\/en\/wp-json\/wp\/v2\/media?parent=22054"}],"curies":[{"name":"wp","href":"https:\/\/api.w.org\/{rel}","templated":true}]}}